{"id":815,"date":"2014-05-20T08:30:32","date_gmt":"2014-05-20T06:30:32","guid":{"rendered":"https:\/\/campquest.ch\/?page_id=815"},"modified":"2014-08-06T15:34:07","modified_gmt":"2014-08-06T13:34:07","slug":"camp-quest-201","status":"publish","type":"page","link":"https:\/\/campquest.ch\/en\/campquest2015\/camp-quest-201\/","title":{"rendered":"Camp Quest 2013"},"content":{"rendered":"<p>Vom 4. bis zum 10. August 2013 fand das erste wissenschaftlich-humanistische Sommerlager der Schweiz f\u00fcr neugierige Kids in Mundaun Obersaxen im Kanton Graub\u00fcnden statt. Organisiert wurde es von der Sektion Z\u00fcrich und den Skeptikern Schweiz, es waren aber auch Leute aus anderen Sektionen der FVS bei der Planung und Durchf\u00fchrung des Camp Quest involviert. Insgesamt kann die Lagerwoche als voller Erfolg gewertet werden, die R\u00fcckmeldungen der Teilnehmerinnen und Teilnehmer waren ausserordentlich gut. Eine Befragung der Eltern nach dem Camp Quest ergab, dass auch dort eine sehr hohe Zufriedenheit herrschte.<\/p>\n<p><strong>Exkursionen und wissenschaftliche Workshops<\/strong><br \/>\nMit f\u00fcnf M\u00e4dchen und dreizehn Jungen verlebten wir eine anregende und spannende Woche. Das Lagerhaus in Mundaun war f\u00fcr unsere Zwecke hervorragend geeignet und in der Region gab es gen\u00fcgend Interessantes zu erkunden: Beispielsweise besuchten wir den Menhirenpark in La Mutta und die Sternwarte Mirasteilas und wir besichtigten ein stillgelegtes Bergwerk.<br \/>\nNeben dem gemeinsamen Programm hatten wir auch mehrere Bl\u00f6cke \u00e0 drei Stunden, in welchen die Teilnehmerinnen und Teilnehmer aus verschiedenen Workshops ausw\u00e4hlen durften. Themen waren beispielsweise: Elektromotoren bauen, sein eigenes Blut unter dem Mikroskop betrachten, hom\u00f6opathische Mittelchen herstellen, eine Gurke mit Elektrizit\u00e4t zum Leuchten bringen oder ein Computerspiel mit reiner Gedankenkraft steuern. Wir hatten ein vielseitiges Angebot und einige bedauerten, dass es nicht m\u00f6glich war, an s\u00e4mtlichen Workshops teilzunehmen. Immerhin wurde am Freitag von den einzelnen Gruppen mit Fotos, Videos und Postern allen anderen pr\u00e4sentiert, was denn in den einzelnen Gruppen erfahren und gemacht wurde.<\/p>\n<p><strong>Illusionen und Irrt\u00fcmern auf der Spur<\/strong><br \/>\nEs geh\u00f6rt zu einem Camp Quest, dass das kritische Denken gef\u00f6rdert und angeregt wird. Wir haben einige wirklich verbl\u00fcffende K\u00f6rperillusionen und optische Illusionen kennengelernt. Sie lehrten uns und die Kids, eigenen Sinneseindr\u00fccken auch mal zu misstrauen. Bei einem Pers\u00f6nlichkeitstest wurde ihnen ein sehr sch\u00f6ner Barnum-Text vorgesetzt. Dabei lernten sie etwas \u00fcber die menschliche Neigung, uns in nichtssagenden S\u00e4tzen wiederzuerkennen. (Der sogenannte \u00abBarnum-Effekt\u00bb ist benannt nach einem Schausteller, P.T. Barnum, der in seinem Zirkus auch \u00abf\u00fcr jeden etwas\u00bb dabei hatte.)<br \/>\nTraditionell wird w\u00e4hrend der Camp Quests in den USA und in GB auch ein Einhornwettbewerb durchgef\u00fchrt. Es ist die Aufgabe der Teilnehmenden, zu beweisen, dass uns keine unsichtbaren Einh\u00f6rner begleiten, welche keinen herk\u00f6mmlichen Stoffwechsel haben und nicht gesp\u00fcrt werden k\u00f6nnen. Den Preis daf\u00fcr, diese negative Existenz-Aussage zu widerlegen, hat auch in der Schweiz niemand gewonnen.<br \/>\nEiner der H\u00f6hepunkte war der Auftritt des Mentalisten und Illusionisten David Mitterer. An diesem Anlass besuchten uns auch einige Eltern. David Mitterer f\u00fchrte auf sehr unterhaltsame Weise vor, wie wir uns von unseren Sinnen und von anderen Menschen t\u00e4uschen lassen. Er bezog unsere Kinder und Jugendlichen hervorragend in die Show mit ein und animierte dazu, einige der Tricks sp\u00e4ter selber auszuprobieren. Wer das Vorgehen von Mentalisten, Sehern etc. kennt, wird wohl auch im eigenen Leben weniger h\u00e4ufig auf Hokuspokus hereinfallen.<\/p>\n<p><strong>Entspannung \u2013 aber nicht nur<\/strong><br \/>\nSpiel, Spass und Sport waren auch immer wieder angesagt, wie es halt zu einem Sommerlager geh\u00f6rt. Als wir den Walserweg beschritten, liefen wir aber nat\u00fcrlich nicht nur einfach so durch die Natur und machten ein Lagerfeuer, sondern lernten viel \u00fcber Fauna und Flora, stellten ein Fernrohr auf und so weiter \u2026 Einige der gesammelten Pflanzen wurden dann anderntags in einem Workshop auf ihren pH-Wert hin untersucht.<br \/>\n<strong><br \/>\nCamp Quest 2014 geplant<\/strong><br \/>\nEs ist geplant, ein n\u00e4chstes Camp Quest im Sommer oder Herbst 2014 zu veranstalten. Die sehr guten R\u00fcckmeldungen und unsere eigenen gemachten Erfahrungen ermutigen uns dazu.<br \/>\nEs scheint mir wichtig zu sein, dass Freidenker auch immer wieder etwas Eigenst\u00e4ndiges und Positives anbieten. Es darf nicht immer wieder oder gar ausschliesslich um die Kritik an religi\u00f6sen Institutionen und die Verbandelung des Staates mit den Kirchen gehen, sondern es tut uns gut, dass wir mit unseren Angeboten den teilnehmenden Kids eine humanistische Lebenseinstellung und eine skeptische, wissenschaftliche Sichtweise n\u00e4herbringen konnten. Wir hoffen, sie erfolgreich darin best\u00e4rkt zu haben, ihrer Neugier nachzugehen, sich zu wundern, nachzufragen und zu staunen. Die Natur ist ja in der Tat spannend und wunderbar. Halt ohne \u00fcbernat\u00fcrliche, sondern mit naturwissenschaftlichen Wundern.<br \/>\nValentin Abgottspon<\/p>\n<p>&nbsp;<\/p>\n","protected":false},"excerpt":{"rendered":"<p>Vom 4. bis zum 10. August 2013 fand das erste wissenschaftlich-humanistische Sommerlager der Schweiz f\u00fcr neugierige Kids in Mundaun Obersaxen im Kanton Graub\u00fcnden statt. Organisiert wurde es von der Sektion Z\u00fcrich und den Skeptikern Schweiz, es waren aber auch Leute aus anderen Sektionen der FVS bei der Planung und Durchf\u00fchrung [&hellip;]<\/p>\n","protected":false},"author":2,"featured_media":0,"parent":10,"menu_order":0,"comment_status":"open","ping_status":"closed","template":"","meta":{"footnotes":""},"class_list":["post-815","page","type-page","status-publish","hentry"],"_links":{"self":[{"href":"https:\/\/campquest.ch\/en\/wp-json\/wp\/v2\/pages\/815","targetHints":{"allow":["GET"]}}],"collection":[{"href":"https:\/\/campquest.ch\/en\/wp-json\/wp\/v2\/pages"}],"about":[{"href":"https:\/\/campquest.ch\/en\/wp-json\/wp\/v2\/types\/page"}],"author":[{"embeddable":true,"href":"https:\/\/campquest.ch\/en\/wp-json\/wp\/v2\/users\/2"}],"replies":[{"embeddable":true,"href":"https:\/\/campquest.ch\/en\/wp-json\/wp\/v2\/comments?post=815"}],"version-history":[{"count":6,"href":"https:\/\/campquest.ch\/en\/wp-json\/wp\/v2\/pages\/815\/revisions"}],"predecessor-version":[{"id":1112,"href":"https:\/\/campquest.ch\/en\/wp-json\/wp\/v2\/pages\/815\/revisions\/1112"}],"up":[{"embeddable":true,"href":"https:\/\/campquest.ch\/en\/wp-json\/wp\/v2\/pages\/10"}],"wp:attachment":[{"href":"https:\/\/campquest.ch\/en\/wp-json\/wp\/v2\/media?parent=815"}],"curies":[{"name":"wp","href":"https:\/\/api.w.org\/{rel}","templated":true}]}}