{"id":355,"date":"2013-03-18T17:28:47","date_gmt":"2013-03-18T16:28:47","guid":{"rendered":"https:\/\/campquest.ch\/lager\/anreise\/"},"modified":"2014-08-03T00:25:56","modified_gmt":"2014-08-02T22:25:56","slug":"anreise","status":"publish","type":"page","link":"https:\/\/campquest.ch\/en\/campquest2015\/camp-quest-2014\/anreise\/","title":{"rendered":"Anreise 2014"},"content":{"rendered":"<h2>Anreise am Sonntag, 27. Juli 2014<\/h2>\n<p><a href=\"https:\/\/campquest.ch\/wp-content\/uploads\/2013\/03\/lgj2.jpg\"><img loading=\"lazy\" decoding=\"async\" class=\" wp-image-941 alignright\" src=\"https:\/\/campquest.ch\/wp-content\/uploads\/2013\/03\/lgj2.jpg\" alt=\"lgj2\" width=\"198\" height=\"150\" srcset=\"https:\/\/campquest.ch\/wp-content\/uploads\/2013\/03\/lgj2.jpg 640w, https:\/\/campquest.ch\/wp-content\/uploads\/2013\/03\/lgj2-300x225.jpg 300w, https:\/\/campquest.ch\/wp-content\/uploads\/2013\/03\/lgj2-400x300.jpg 400w\" sizes=\"auto, (max-width: 198px) 100vw, 198px\" \/><\/a>Das <a href=\"https:\/\/campquest.ch\/burgerhaus-jeizinen\/\">Burgerhaus Jeizinen<\/a> steht uns ab 13:00 Uhr zur Verf\u00fcgung. Es ist mit der <a href=\"http:\/\/www.weibil.ch\/feriae\/lgj\/\">Luftseilbahn von Gampel aus<\/a> erreichbar. Wir organisieren einen Treffpunkt in Brig und je nach Herkunft der Teilnehmenden auch anderswo. Teilnehmende, die eigenst\u00e4ndig anreisen, empfangen wir bei im Burgerhaus ab 14\u00a0 Uhr. Alle Teilnehmenden erhalten im Vorfeld zudem eine Teilnehmerliste, so dass sich Personen, die dieselbe Route fahren, koordinieren k\u00f6nnen.<\/p>\n<p>F\u00fcr die Anreise am 27. Juli 2014 empfehlen wir folgende Verbindungen:<\/p>\n<table cellspacing=\"0\" cellpadding=\"0\">\n<tbody>\n<tr>\n<td valign=\"top\"><strong>Bern<\/strong> ab<\/td>\n<td valign=\"top\">11:34<\/td>\n<td valign=\"top\"><\/td>\n<\/tr>\n<tr>\n<td valign=\"top\">Brig an<\/td>\n<td valign=\"top\">12:40<\/td>\n<td valign=\"top\"><\/td>\n<\/tr>\n<tr>\n<td valign=\"top\"><\/td>\n<td valign=\"top\"><\/td>\n<td valign=\"top\"><\/td>\n<\/tr>\n<tr>\n<td valign=\"top\"><strong>Basel<\/strong> SBB ab<\/td>\n<td valign=\"top\">10:31<\/td>\n<td valign=\"top\"><\/td>\n<\/tr>\n<tr>\n<td valign=\"top\">Brig an<\/td>\n<td valign=\"top\">12:40<\/td>\n<td valign=\"top\"><\/td>\n<\/tr>\n<tr>\n<td valign=\"top\"><\/td>\n<td valign=\"top\"><\/td>\n<td valign=\"top\"><\/td>\n<\/tr>\n<tr>\n<td valign=\"top\"><strong>Z\u00fcrich<\/strong> ab<strong><br \/>\n<\/strong><\/td>\n<td valign=\"top\">10:02<\/td>\n<td valign=\"top\"><\/td>\n<\/tr>\n<tr>\n<td valign=\"top\">Brig an<\/td>\n<td valign=\"top\">12:11<\/td>\n<td valign=\"top\"><\/td>\n<\/tr>\n<tr>\n<td valign=\"top\"><strong>Brig<\/strong> ab<\/td>\n<td valign=\"top\">12:49<\/td>\n<td valign=\"top\"><\/td>\n<\/tr>\n<tr>\n<td valign=\"top\"><strong>Visp Bahnhof<\/strong> an<\/td>\n<td valign=\"top\">12:55<\/td>\n<td valign=\"top\"><\/td>\n<\/tr>\n<tr>\n<td valign=\"top\"><strong>Visp Bahnhof<\/strong> ab mit Bus<\/td>\n<td valign=\"top\">13:12<\/td>\n<td valign=\"top\"><\/td>\n<\/tr>\n<tr>\n<td valign=\"top\"><strong>Gampel Talstation<\/strong> ab mit Luftseilbahn<\/td>\n<td valign=\"top\">13:40<\/td>\n<td valign=\"top\"><\/td>\n<\/tr>\n<tr>\n<td valign=\"top\"><strong>Jeizinen <\/strong>an<\/td>\n<td valign=\"top\">13:49<\/td>\n<td valign=\"top\"><\/td>\n<\/tr>\n<\/tbody>\n<\/table>\n<p>In Brig treffen wir uns um 12.40 f\u00fcr eine gemeinsame Weiterfahrt.<\/p>\n\r\n\t\t<style type='text\/css'>\r\n\t\t\t#gallery-1 {\r\n\t\t\t\tmargin: auto;\r\n\t\t\t}\r\n\t\t\t#gallery-1 .gallery-item {\r\n\t\t\t\tfloat: left;\r\n\t\t\t\tmargin-top: 10px;\r\n\t\t\t\ttext-align: center;\r\n\t\t\t\twidth: 33%;\r\n\t\t\t}\r\n\t\t\t#gallery-1 img {\r\n\t\t\t\tborder: 2px solid #cfcfcf;\r\n\t\t\t}\r\n\t\t\t#gallery-1 .gallery-caption {\r\n\t\t\t\tmargin-left: 0;\r\n\t\t\t}\r\n\t\t\t\/* see gallery_shortcode() in wp-includes\/media.php *\/\r\n\t\t<\/style>\n\t\t<div id='gallery-1' class='gallery galleryid-355 gallery-columns-3 gallery-size-thumbnail'><dl class='gallery-item'>\r\n\t\t\t<dt class='gallery-icon landscape'>\r\n\t\t\t\t<a href='https:\/\/campquest.ch\/en\/campquest2015\/switzerland_3945\/'><img loading=\"lazy\" decoding=\"async\" width=\"130\" height=\"84\" src=\"https:\/\/campquest.ch\/wp-content\/uploads\/2013\/01\/Switzerland_3945.jpg\" class=\"attachment-thumbnail size-thumbnail\" alt=\"\" \/><\/a>\r\n\t\t\t<\/dt><\/dl><dl class='gallery-item'>\r\n\t\t\t<dt class='gallery-icon landscape'>\r\n\t\t\t\t<a href='https:\/\/campquest.ch\/en\/campquest2015\/camp-quest-2014\/burgerhaus-jeizinen\/jeizinen_burgerhaus\/'><img loading=\"lazy\" decoding=\"async\" width=\"150\" height=\"150\" src=\"https:\/\/campquest.ch\/wp-content\/uploads\/2014\/05\/jeizinen_burgerhaus-150x150.jpg\" class=\"attachment-thumbnail size-thumbnail\" alt=\"\" \/><\/a>\r\n\t\t\t<\/dt><\/dl><dl class='gallery-item'>\r\n\t\t\t<dt class='gallery-icon landscape'>\r\n\t\t\t\t<a href='https:\/\/campquest.ch\/en\/campquest2015\/camp-quest-2014\/burgerhaus-jeizinen\/jeizinen__slimbox\/'><img loading=\"lazy\" decoding=\"async\" width=\"150\" height=\"150\" src=\"https:\/\/campquest.ch\/wp-content\/uploads\/2014\/05\/jeizinen__slimbox-150x150.jpg\" class=\"attachment-thumbnail size-thumbnail\" alt=\"\" \/><\/a>\r\n\t\t\t<\/dt><\/dl><br style=\"clear: both\" \/><\/div>\n\n<h1>R\u00fcckreise am Samstag, 2. August 2014<\/h1>\n<p>Der letzte Vormittag wird so geplant, dass alle Teilnehmenden mit der <a href=\"http:\/\/www.weibil.ch\/feriae\/lgj\/\">Luftseilbahn nach Gampel<\/a> oder ab dem Bahnhof Leuk abreisen k\u00f6nnen. Wer Teilnehmende abholen m\u00f6chte, sollte zwischen 11:00 und 12:30 Uhr eintreffen. Alle Teilnehmenden erhalten f\u00fcr die R\u00fcckreise ein Lunch-Paket.<\/p>\n<p><strong>Hinweis:<\/strong> Die An- und R\u00fcckreisekosten sind von den Teilnehmenden zu tragen. Statten Sie Ihr Kind mit einem g\u00fcltigen Ticket aus: ab dem gew\u00fcnschten Abreiseort bis zur Luftseilbahnstation Jeizinen (f\u00fcr den 27. Juli 2014) sowie von Leuk\/Gampel bis zum gew\u00fcnschten Ankunftsort (f\u00fcr den 2. August 2014).<\/p>\n","protected":false},"excerpt":{"rendered":"<p>Anreise am Sonntag, 27. Juli 2014 Das Burgerhaus Jeizinen steht uns ab 13:00 Uhr zur Verf\u00fcgung. Es ist mit der Luftseilbahn von Gampel aus erreichbar. Wir organisieren einen Treffpunkt in Brig und je nach Herkunft der Teilnehmenden auch anderswo. Teilnehmende, die eigenst\u00e4ndig anreisen, empfangen wir bei im Burgerhaus ab 14\u00a0 [&hellip;]<\/p>\n","protected":false},"author":2,"featured_media":0,"parent":1074,"menu_order":0,"comment_status":"closed","ping_status":"closed","template":"sidebar-page.php","meta":{"footnotes":""},"class_list":["post-355","page","type-page","status-publish","hentry"],"_links":{"self":[{"href":"https:\/\/campquest.ch\/en\/wp-json\/wp\/v2\/pages\/355","targetHints":{"allow":["GET"]}}],"collection":[{"href":"https:\/\/campquest.ch\/en\/wp-json\/wp\/v2\/pages"}],"about":[{"href":"https:\/\/campquest.ch\/en\/wp-json\/wp\/v2\/types\/page"}],"author":[{"embeddable":true,"href":"https:\/\/campquest.ch\/en\/wp-json\/wp\/v2\/users\/2"}],"replies":[{"embeddable":true,"href":"https:\/\/campquest.ch\/en\/wp-json\/wp\/v2\/comments?post=355"}],"version-history":[{"count":26,"href":"https:\/\/campquest.ch\/en\/wp-json\/wp\/v2\/pages\/355\/revisions"}],"predecessor-version":[{"id":1076,"href":"https:\/\/campquest.ch\/en\/wp-json\/wp\/v2\/pages\/355\/revisions\/1076"}],"up":[{"embeddable":true,"href":"https:\/\/campquest.ch\/en\/wp-json\/wp\/v2\/pages\/1074"}],"wp:attachment":[{"href":"https:\/\/campquest.ch\/en\/wp-json\/wp\/v2\/media?parent=355"}],"curies":[{"name":"wp","href":"https:\/\/api.w.org\/{rel}","templated":true}]}}