{"id":325,"date":"2013-03-18T12:12:38","date_gmt":"2013-03-18T11:12:38","guid":{"rendered":"http:\/\/christian-grothe.de\/freidenker\/?page_id=325"},"modified":"2023-06-20T11:43:43","modified_gmt":"2023-06-20T09:43:43","slug":"idee","status":"publish","type":"page","link":"https:\/\/campquest.ch\/en\/idee\/","title":{"rendered":"Die Idee"},"content":{"rendered":"\n<p class=\"has-medium-font-size\"><strong>Ein spannendes Thema aus allen m\u00f6glichen Perspektiven betrachten und auf spielerische Weise dazu experimentieren. Sei es Energie, Pfahlbauer, Illusionen und Irrt\u00fcmer oder Medizin: wir wollen die Neugierde der Kinder auf Wissenschaft wecken und sie zum kritischen Denken anregen.&nbsp;Im Sommercamp f\u00fcr 9 bis 15-j\u00e4hrige Kids spielen wir Theater, besuchen die Kriminalpolizei, das CERN aber geniessen auch Sport, Spiel und Spass!<\/strong><\/p>\n\n\n<div id=\"attachment_394\" style=\"width: 289px\"  class=\"wp-caption alignright\"><a href=\"http:\/\/campquest.org\"><img loading=\"lazy\" decoding=\"async\" class=\"  wp-image-394\" title=\"Camp Quest USA\" src=\"https:\/\/campquest.ch\/wp-content\/uploads\/2013\/03\/campquestUS-300x162.png\" alt=\"Camp Quest USA\" width=\"279\" height=\"151\" srcset=\"https:\/\/campquest.ch\/wp-content\/uploads\/2013\/03\/campquestUS-300x162.png 300w, https:\/\/campquest.ch\/wp-content\/uploads\/2013\/03\/campquestUS.png 380w\" sizes=\"auto, (max-width: 279px) 100vw, 279px\" \/><\/a><p class=\"wp-caption-text\">Camp Quest USA<\/p><\/div>\n<p>Die Camp-Quest-Idee stammt aus den USA. 1995 beschlossen Aktivisten der s\u00e4kularen Free Enquiry Group in Cincinnati, Ohio, ein eigenes Lagerangebot zu schaffen, da die Pfadfinder von ihren Mitgliedern ein Gottesbekenntnis abverlangten und so Kinder aus nicht-religi\u00f6sen Familien faktisch ausgeschlossen wurden. Die Zielsetzung ihrer Lager <a title=\"Link auf campquest.org\" href=\"https:\/\/campquest.org\/about\/\" target=\"_blank\" rel=\"noopener noreferrer\">beschreiben<\/a> die Initianten auf campquest.org mit den folgenden Worten:<\/p>\n<blockquote>\n<p>Camp Quest provides an educational adventure shaped by fun, friends and freethought, featuring science, natural wonder and humanist values.*<\/p>\n<\/blockquote>\n<p>Das erste Camp Quest fand 1996 statt. Die Idee fand bei befreundeten Organisationen Anklang; und so entstand 2002 in den USA der erste Ableger, 2006 waren es sechs. Dieses Jahr werden in Nordamerika 18 Camps durchgef\u00fchrt.<\/p>\n<div id=\"attachment_396\" style=\"width: 281px\"  class=\"wp-caption alignleft\"><img loading=\"lazy\" decoding=\"async\" class=\" wp-image-396\" title=\"Camp Quest UK\" src=\"https:\/\/campquest.ch\/wp-content\/uploads\/2013\/03\/campquestUK-300x158.png\" alt=\"Camp Quest UK\" width=\"271\" height=\"143\" srcset=\"https:\/\/campquest.ch\/wp-content\/uploads\/2013\/03\/campquestUK-300x158.png 300w, https:\/\/campquest.ch\/wp-content\/uploads\/2013\/03\/campquestUK-500x264.png 500w, https:\/\/campquest.ch\/wp-content\/uploads\/2013\/03\/campquestUK.png 564w\" sizes=\"auto, (max-width: 271px) 100vw, 271px\" \/><p class=\"wp-caption-text\">Camp Quest UK<\/p><\/div>\n<p>Seit 2009 gibt es auch in Grossbritannien j\u00e4hrliche Camp Quests. Deren Initiantin, Samantha Stein, berichtete am von den Freidenkern initiierten Z\u00fcrcher Wissensfestival <a href=\"http:\/\/denkfest.ch\/df2011\/index.html\" target=\"_blank\" rel=\"noopener noreferrer\">Denkfest 2011<\/a> \u00fcber ihre Erfahrungen.<\/p>\n<p>Andreas Kyriacou, damals Pr\u00e4sident der Z\u00fcrcher FreidenkerInnen und heute Pr\u00e4sident der <a href=\"https:\/\/frei-denken.ch\">FreidenkerInnen Schweiz<\/a>, schlug im Herbst 2012 vor, ein solches Lager, bei dem nebst Spass und Sport wissenschaftliche Themen, philosophieren und kritisches Denken im Zentrum stehen, auch in der Schweiz durchzuf\u00fchren. Knapp 20 Personen folgten dem Aufruf im Magazin\u00a0<a href=\"https:\/\/frei-denken.ch\/zeitschrift\" target=\"_blank\" rel=\"noopener noreferrer\"><em>frei denken<\/em><\/a>, bei der Planung und Umsetzung des ersten Camp Quest Schweiz mitzuwirken. Nun konnte es losgehen!<\/p>\n<p>Selbstredend stehen alle Camp Quests Kindern und Jugendlichen unabh\u00e4ngig ihrer weltanschaulichen Herkunft offen.<\/p>\n<p><em>* Camp Quest bietet ein lehrreiches Abenteuer mit Wissenschaft, Wundern der Natur und humanistischen Werten, eingerahmt von Freude, Freunden und freiem Denken.<\/em><\/p>","protected":false},"excerpt":{"rendered":"<p>Ein spannendes Thema aus allen m\u00f6glichen Perspektiven betrachten und auf spielerische Weise dazu experimentieren. Sei es Energie, Pfahlbauer, Illusionen und Irrt\u00fcmer oder Medizin: wir wollen die Neugierde der Kinder auf Wissenschaft wecken und sie zum kritischen Denken anregen.&nbsp;Im Sommercamp f\u00fcr 9 bis 15-j\u00e4hrige Kids spielen wir Theater, besuchen die Kriminalpolizei, [&hellip;]<\/p>\n","protected":false},"author":2,"featured_media":0,"parent":0,"menu_order":0,"comment_status":"closed","ping_status":"closed","template":"","meta":{"footnotes":""},"class_list":["post-325","page","type-page","status-publish","hentry"],"_links":{"self":[{"href":"https:\/\/campquest.ch\/en\/wp-json\/wp\/v2\/pages\/325","targetHints":{"allow":["GET"]}}],"collection":[{"href":"https:\/\/campquest.ch\/en\/wp-json\/wp\/v2\/pages"}],"about":[{"href":"https:\/\/campquest.ch\/en\/wp-json\/wp\/v2\/types\/page"}],"author":[{"embeddable":true,"href":"https:\/\/campquest.ch\/en\/wp-json\/wp\/v2\/users\/2"}],"replies":[{"embeddable":true,"href":"https:\/\/campquest.ch\/en\/wp-json\/wp\/v2\/comments?post=325"}],"version-history":[{"count":26,"href":"https:\/\/campquest.ch\/en\/wp-json\/wp\/v2\/pages\/325\/revisions"}],"predecessor-version":[{"id":16119,"href":"https:\/\/campquest.ch\/en\/wp-json\/wp\/v2\/pages\/325\/revisions\/16119"}],"wp:attachment":[{"href":"https:\/\/campquest.ch\/en\/wp-json\/wp\/v2\/media?parent=325"}],"curies":[{"name":"wp","href":"https:\/\/api.w.org\/{rel}","templated":true}]}}