{"id":1757,"date":"2023-02-21T17:03:14","date_gmt":"2023-02-21T16:03:14","guid":{"rendered":"https:\/\/campquest.ch\/?page_id=1757"},"modified":"2024-03-01T00:13:10","modified_gmt":"2024-02-29T23:13:10","slug":"campquest-2023-extreme","status":"publish","type":"page","link":"https:\/\/campquest.ch\/en\/campquest-2023-extreme\/","title":{"rendered":"2023 \u2013 Extreme"},"content":{"rendered":"\n<p class=\"has-medium-font-size\"><strong>\u00abExtreme!\u00bb ist das Thema des Camp Quest, des Sommerlagers f\u00fcr 10- bis 15-J\u00e4hrige, das vom 23. bis 29. Juli im Berner Oberland stattfindet. Spielerisch n\u00e4hern wir uns dem facettenreichen Thema: von Radikalisierung und gewaltt\u00e4tigem Extremismus bis hin zu Extremsportarten. In Theaterworkshops, bei Besuchen der Kriminalpolizei Interlaken, bei Sport, Spiel und Spass!<\/strong><\/p>\n\n\n\n<p class=\"has-large-font-size\" style=\"font-style:normal;font-weight:100\"><strong>Camp Quest 2023<\/strong> &#8211; Extreme!<\/p>\n\n\n\n<p class=\"has-medium-font-size\"><strong>vom 23. bis 29. Juli 2023 in M\u00fcrren<\/strong> <\/p>\n\n\n\n<p class=\"has-text-align-center has-accent-color has-background-color-background-color has-text-color has-background has-medium-font-size\" style=\"font-style:normal;font-weight:800;letter-spacing:1px\"><strong><a href=\"https:\/\/campquest.ch\/anmeldung\/\" data-type=\"page\" data-id=\"126\">Jetzt anmelden<\/a><\/strong><\/p>\n\n\n\n<figure class=\"wp-block-image size-large is-resized\"><a href=\"https:\/\/campquest.ch\/wp-content\/uploads\/2023\/02\/csm_Muerren_von_Oben_Herbst_26f4bed056.jpg\"><img loading=\"lazy\" decoding=\"async\" src=\"https:\/\/campquest.ch\/wp-content\/uploads\/2023\/02\/csm_Muerren_von_Oben_Herbst_26f4bed056-1024x340.jpg\" alt=\"\" class=\"wp-image-1719\" width=\"1024\" height=\"340\" srcset=\"https:\/\/campquest.ch\/wp-content\/uploads\/2023\/02\/csm_Muerren_von_Oben_Herbst_26f4bed056-1024x340.jpg 1024w, https:\/\/campquest.ch\/wp-content\/uploads\/2023\/02\/csm_Muerren_von_Oben_Herbst_26f4bed056-300x100.jpg 300w, https:\/\/campquest.ch\/wp-content\/uploads\/2023\/02\/csm_Muerren_von_Oben_Herbst_26f4bed056-768x255.jpg 768w, https:\/\/campquest.ch\/wp-content\/uploads\/2023\/02\/csm_Muerren_von_Oben_Herbst_26f4bed056-1536x510.jpg 1536w, https:\/\/campquest.ch\/wp-content\/uploads\/2023\/02\/csm_Muerren_von_Oben_Herbst_26f4bed056.jpg 1920w\" sizes=\"auto, (max-width: 1024px) 100vw, 1024px\" \/><\/a><figcaption class=\"wp-element-caption\">M\u00fcrren im Berner Oberland    <em>Photo: muerren.swiss<\/em><\/figcaption><\/figure>\n\n\n\n<p>Wir verbringen die Woche im wundersch\u00f6nen&nbsp;<a rel=\"noreferrer noopener\" href=\"https:\/\/muerren.swiss\/de\/?season=1&#038;cHash=259d350019322bf07946a7412eaf6032\" target=\"_blank\">M\u00fcrren<\/a>. <br>Das Feriendorf geh\u00f6rt zum&nbsp;<a rel=\"noreferrer noopener\" href=\"https:\/\/muerren.swiss\/de\/winter\/region\/muerren\/ueber-uns\/unesco-welterbe\/\" target=\"_blank\">UNESCO-Welterbe Schweizer Alpen Jungfrau-Aletsch:&nbsp;<\/a>\u00abImposante Bergketten, urige T\u00e4ler und das gr\u00f6sste zusammenh\u00e4ngend vergletscherte Gebiet der Alpen. Das Welterbe geh\u00f6rt zu den spektakul\u00e4rsten Hochgebirgslandschaften der Welt und repr\u00e4sentiert mit Eiger, M\u00f6nch und Jungfrau sowie dem grossen Aletschgletscher auf 824 km<sup>2<\/sup> das Herz der Alpen.\u00bb&nbsp;<\/p>\n\n\n\n<hr class=\"wp-block-separator has-alpha-channel-opacity\"\/>\n\n\n\n<p class=\"has-medium-font-size\"><strong>Kriminalpr\u00e4vention Berner Oberland<\/strong><\/p>\n\n\n\n<div class=\"wp-block-columns is-layout-flex wp-container-core-columns-is-layout-28f84493 wp-block-columns-is-layout-flex\">\n<div class=\"wp-block-column is-layout-flow wp-block-column-is-layout-flow\" style=\"flex-basis:66.66%\">\n<p>Was passt alles in ein Einsatzfahrzeug der Polizei? Wozu brauchen sie das alles? Und was wolltest du die Polizistinnen und Polizisten schon immer fragen? Finde es heraus und erhalte endlich Antworten bei unserem gemeinsamen Besuch der Kriminalpolizei in Interlaken und erhasche mit uns den besonderen Blick hinter die Kulissen.&nbsp;<\/p>\n\n\n\n<p><a href=\"https:\/\/www.skppsc.ch\/de\/\">Schweizerische Kriminalpr\u00e4vention<\/a><\/p>\n\n\n\n<p><a href=\"https:\/\/www.police.be.ch\/de\/start.html\" target=\"_blank\" rel=\"noreferrer noopener\">Kantonspolizei Bern<\/a><\/p>\n<\/div>\n\n\n\n<div class=\"wp-block-column is-layout-flow wp-block-column-is-layout-flow\" style=\"flex-basis:33.33%\">\n<figure class=\"wp-block-image size-large\"><a href=\"https:\/\/campquest.ch\/wp-content\/uploads\/2023\/02\/AdobeStock_214796414-scaled.jpeg\"><img loading=\"lazy\" decoding=\"async\" width=\"1024\" height=\"683\" src=\"https:\/\/campquest.ch\/wp-content\/uploads\/2023\/02\/AdobeStock_214796414-1024x683.jpeg\" alt=\"\" class=\"wp-image-1731\" srcset=\"https:\/\/campquest.ch\/wp-content\/uploads\/2023\/02\/AdobeStock_214796414-1024x683.jpeg 1024w, https:\/\/campquest.ch\/wp-content\/uploads\/2023\/02\/AdobeStock_214796414-300x200.jpeg 300w, https:\/\/campquest.ch\/wp-content\/uploads\/2023\/02\/AdobeStock_214796414-768x512.jpeg 768w, https:\/\/campquest.ch\/wp-content\/uploads\/2023\/02\/AdobeStock_214796414-1536x1024.jpeg 1536w, https:\/\/campquest.ch\/wp-content\/uploads\/2023\/02\/AdobeStock_214796414-2048x1365.jpeg 2048w, https:\/\/campquest.ch\/wp-content\/uploads\/2023\/02\/AdobeStock_214796414-360x240.jpeg 360w\" sizes=\"auto, (max-width: 1024px) 100vw, 1024px\" \/><\/a><figcaption class=\"wp-element-caption\"><em>Bild stock.adobe.com<\/em><\/figcaption><\/figure>\n<\/div>\n<\/div>\n\n\n\n<hr class=\"wp-block-separator has-alpha-channel-opacity\"\/>\n\n\n\n<p><strong>Hate Speech und Radikalisierung im Netz<\/strong><\/p>\n\n\n\n<div class=\"wp-block-columns is-layout-flex wp-container-core-columns-is-layout-28f84493 wp-block-columns-is-layout-flex\">\n<div class=\"wp-block-column is-layout-flow wp-block-column-is-layout-flow\" style=\"flex-basis:66.66%\"><\/div>\n\n\n\n<div class=\"wp-block-column is-layout-flow wp-block-column-is-layout-flow\" style=\"flex-basis:33.33%\">\n<figure class=\"wp-block-image size-large\"><a href=\"https:\/\/campquest.ch\/wp-content\/uploads\/2023\/02\/AdobeStock_407507438-scaled.jpeg\"><img loading=\"lazy\" decoding=\"async\" width=\"1024\" height=\"683\" src=\"https:\/\/campquest.ch\/wp-content\/uploads\/2023\/02\/AdobeStock_407507438-1024x683.jpeg\" alt=\"\" class=\"wp-image-1733\" srcset=\"https:\/\/campquest.ch\/wp-content\/uploads\/2023\/02\/AdobeStock_407507438-1024x683.jpeg 1024w, https:\/\/campquest.ch\/wp-content\/uploads\/2023\/02\/AdobeStock_407507438-300x200.jpeg 300w, https:\/\/campquest.ch\/wp-content\/uploads\/2023\/02\/AdobeStock_407507438-768x512.jpeg 768w, https:\/\/campquest.ch\/wp-content\/uploads\/2023\/02\/AdobeStock_407507438-1536x1024.jpeg 1536w, https:\/\/campquest.ch\/wp-content\/uploads\/2023\/02\/AdobeStock_407507438-2048x1365.jpeg 2048w, https:\/\/campquest.ch\/wp-content\/uploads\/2023\/02\/AdobeStock_407507438-360x240.jpeg 360w\" sizes=\"auto, (max-width: 1024px) 100vw, 1024px\" \/><\/a><figcaption class=\"wp-element-caption\">Red button with text Hate Speech on computer keyboard, closeup<\/figcaption><\/figure>\n<\/div>\n<\/div>\n\n\n\n<hr class=\"wp-block-separator has-alpha-channel-opacity\"\/>\n\n\n\n<p><strong>Theater<\/strong><\/p>\n\n\n\n<div class=\"wp-block-columns is-layout-flex wp-container-core-columns-is-layout-28f84493 wp-block-columns-is-layout-flex\">\n<div class=\"wp-block-column is-layout-flow wp-block-column-is-layout-flow\" style=\"flex-basis:66.66%\">\n<p>Schl\u00fcpfe in verschiedene Rollen und entdecke, wie es ist, wenn man zu einer Gruppe geh\u00f6rt oder eben nicht. Was motiviert dich, dein Bestes zu geben? Geh\u00f6re zu den Gewinnenden oder lerne, wie schnell du dich unter Druck f\u00fchlst. Perspektivenwechsel und spannende Erfahrungen sammeln wir in dieser Woche,&nbsp;wenn wir miteinander Theater spielen.<\/p>\n<\/div>\n\n\n\n<div class=\"wp-block-column is-layout-flow wp-block-column-is-layout-flow\" style=\"flex-basis:33.33%\">\n<figure class=\"wp-block-image size-large\"><a href=\"https:\/\/campquest.ch\/wp-content\/uploads\/2023\/02\/AdobeStock_416241617-scaled.jpeg\"><img loading=\"lazy\" decoding=\"async\" width=\"1024\" height=\"683\" src=\"https:\/\/campquest.ch\/wp-content\/uploads\/2023\/02\/AdobeStock_416241617-1024x683.jpeg\" alt=\"\" class=\"wp-image-1735\" srcset=\"https:\/\/campquest.ch\/wp-content\/uploads\/2023\/02\/AdobeStock_416241617-1024x683.jpeg 1024w, https:\/\/campquest.ch\/wp-content\/uploads\/2023\/02\/AdobeStock_416241617-300x200.jpeg 300w, https:\/\/campquest.ch\/wp-content\/uploads\/2023\/02\/AdobeStock_416241617-768x512.jpeg 768w, https:\/\/campquest.ch\/wp-content\/uploads\/2023\/02\/AdobeStock_416241617-1536x1024.jpeg 1536w, https:\/\/campquest.ch\/wp-content\/uploads\/2023\/02\/AdobeStock_416241617-2048x1365.jpeg 2048w, https:\/\/campquest.ch\/wp-content\/uploads\/2023\/02\/AdobeStock_416241617-360x240.jpeg 360w\" sizes=\"auto, (max-width: 1024px) 100vw, 1024px\" \/><\/a><\/figure>\n<\/div>\n<\/div>\n\n\n\n<hr class=\"wp-block-separator has-alpha-channel-opacity\"\/>\n\n\n\n<p><strong>Spiel, Sport und Spass<\/strong><\/p>\n\n\n\n<div class=\"wp-block-columns is-layout-flex wp-container-core-columns-is-layout-28f84493 wp-block-columns-is-layout-flex\">\n<div class=\"wp-block-column is-layout-flow wp-block-column-is-layout-flow\" style=\"flex-basis:66.66%\">\n<p>Bogenschiessen, Fussball spielen, spazieren, entdecken, im Wald verstecken, Schlangenbrot \u00fcber dem Feuer backen. Worauf hast du Lust? Lass es uns im Sommer zusammen ausprobieren!<\/p>\n<\/div>\n\n\n\n<div class=\"wp-block-column is-layout-flow wp-block-column-is-layout-flow\" style=\"flex-basis:33.33%\">\n<figure class=\"wp-block-image size-large\"><a href=\"https:\/\/campquest.ch\/wp-content\/uploads\/2023\/02\/AdobeStock_445892001-scaled.jpeg\"><img loading=\"lazy\" decoding=\"async\" width=\"1024\" height=\"684\" src=\"https:\/\/campquest.ch\/wp-content\/uploads\/2023\/02\/AdobeStock_445892001-1024x684.jpeg\" alt=\"\" class=\"wp-image-1736\" srcset=\"https:\/\/campquest.ch\/wp-content\/uploads\/2023\/02\/AdobeStock_445892001-1024x684.jpeg 1024w, https:\/\/campquest.ch\/wp-content\/uploads\/2023\/02\/AdobeStock_445892001-300x200.jpeg 300w, https:\/\/campquest.ch\/wp-content\/uploads\/2023\/02\/AdobeStock_445892001-768x513.jpeg 768w, https:\/\/campquest.ch\/wp-content\/uploads\/2023\/02\/AdobeStock_445892001-1536x1025.jpeg 1536w, https:\/\/campquest.ch\/wp-content\/uploads\/2023\/02\/AdobeStock_445892001-2048x1367.jpeg 2048w, https:\/\/campquest.ch\/wp-content\/uploads\/2023\/02\/AdobeStock_445892001-360x240.jpeg 360w\" sizes=\"auto, (max-width: 1024px) 100vw, 1024px\" \/><\/a><\/figure>\n<\/div>\n<\/div>\n\n\n\n<hr class=\"wp-block-separator has-alpha-channel-opacity\"\/>\n\n\n\n<p><\/p>\n\n\n\n<p><strong>Unsere Unterkunft<\/strong><\/p>\n\n\n\n<div class=\"wp-block-columns is-layout-flex wp-container-core-columns-is-layout-28f84493 wp-block-columns-is-layout-flex\">\n<div class=\"wp-block-column is-layout-flow wp-block-column-is-layout-flow\" style=\"flex-basis:66.66%\">\n<p>Der <a href=\"https:\/\/www.gruppenhaus.ch\/de\/haus\/gruppenhaus\/jugendpavillon\/1007\" target=\"_blank\" rel=\"noreferrer noopener\">Jugendpavillon<\/a> liegt im Berner Oberland im autofreien Bergdorf M\u00fcrren. Der Pavillon ist ein Selbstversorgerhaus und bietet Platz f\u00fcr bis zu 45 Personen. Das Haus ist einfach und zweckm\u00e4ssig eingerichtet. Im Winter f\u00fchrt die Skipiste neben dem Haus vorbei und im Sommer liegt der Pavillon an einem optimalen Ausgangspunkt f\u00fcr viele Wanderungen, welche direkt vor der Haust\u00fcr gestartet werden k\u00f6nnen.<\/p>\n<\/div>\n\n\n\n<div class=\"wp-block-column is-layout-flow wp-block-column-is-layout-flow\" style=\"flex-basis:33.33%\">\n<figure class=\"wp-block-image size-large\"><img decoding=\"async\" src=\"https:\/\/www.gruppenhaus.ch\/images\/haus\/1007\/mittel_Ansicht_Jugendpavillon.jpg\" alt=\"\"\/><figcaption class=\"wp-element-caption\">Gruppenhaus Jugendpavillion<\/figcaption><\/figure>\n<\/div>\n<\/div>\n\n\n\n<hr class=\"wp-block-separator has-alpha-channel-opacity\"\/>\n\n\n\n<p><strong>Feriendorf M\u00fcrren<\/strong><\/p>\n\n\n\n<div class=\"wp-block-columns is-layout-flex wp-container-core-columns-is-layout-28f84493 wp-block-columns-is-layout-flex\">\n<div class=\"wp-block-column is-layout-flow wp-block-column-is-layout-flow\" style=\"flex-basis:66.66%\">\n<p>Das Bergdorf <a href=\"https:\/\/muerren.swiss\/de\/?season=1&#038;cHash=259d350019322bf07946a7412eaf6032\" target=\"_blank\" rel=\"noreferrer noopener\">M\u00fcrren<\/a> liegt auf 1650 m \u00fc.M. und hinterl\u00e4sst mit seinen Chalets und der atemberaubenden Sicht auf Eiger, M\u00f6nch und Jungfrau bei den Besuchern einen bleibenden Eindruck. In M\u00fcrren verbringen wir ein unvergessliches Camp ohne Hektik und L\u00e4rm bei freundlichen Menschen. Natur, vielf\u00e4ltige Ausflugs- und Sportm\u00f6glichkeiten und frische Luft verw\u00f6hnen uns eine Woche lang.<\/p>\n<\/div>\n\n\n\n<div class=\"wp-block-column is-layout-flow wp-block-column-is-layout-flow\" style=\"flex-basis:33.33%\">\n<figure class=\"wp-block-image size-large\"><img decoding=\"async\" src=\"https:\/\/muerren.swiss\/fileadmin\/_processed_\/b\/1\/csm_67260004_3ccefe2074.jpg\" alt=\"\"\/><figcaption class=\"wp-element-caption\"><em>Photo: muerren.swiss<\/em><\/figcaption><\/figure>\n<\/div>\n<\/div>\n\n\n\n<hr class=\"wp-block-separator has-alpha-channel-opacity\"\/>\n\n\n\n<p><strong>Teamgeist<\/strong><\/p>\n\n\n\n<div class=\"wp-block-columns is-layout-flex wp-container-core-columns-is-layout-28f84493 wp-block-columns-is-layout-flex\">\n<div class=\"wp-block-column is-layout-flow wp-block-column-is-layout-flow\" style=\"flex-basis:66.66%\">\n<p>Wir freuen uns alle auf das gemeinsame Camp Quest. Gemeinsam, das heisst f\u00fcr uns, dass wir alle miteinander anpacken und dazu beitragen, dass jede und jeder die Zeit im Sommerlager geniessen kann. Wir helfen einander beim Kochen, Putzen, Spielen, Gewinnen und tragen gemeinsam die Verantwortung f\u00fcr ein gelungenes Camp.<\/p>\n<\/div>\n\n\n\n<div class=\"wp-block-column is-layout-flow wp-block-column-is-layout-flow\" style=\"flex-basis:33.33%\">\n<figure class=\"wp-block-image size-large\"><a href=\"https:\/\/campquest.ch\/wp-content\/uploads\/2023\/02\/AdobeStock_145129346-scaled.jpeg\"><img loading=\"lazy\" decoding=\"async\" width=\"1024\" height=\"684\" src=\"https:\/\/campquest.ch\/wp-content\/uploads\/2023\/02\/AdobeStock_145129346-1024x684.jpeg\" alt=\"\" class=\"wp-image-1737\" srcset=\"https:\/\/campquest.ch\/wp-content\/uploads\/2023\/02\/AdobeStock_145129346-1024x684.jpeg 1024w, https:\/\/campquest.ch\/wp-content\/uploads\/2023\/02\/AdobeStock_145129346-300x200.jpeg 300w, https:\/\/campquest.ch\/wp-content\/uploads\/2023\/02\/AdobeStock_145129346-768x513.jpeg 768w, https:\/\/campquest.ch\/wp-content\/uploads\/2023\/02\/AdobeStock_145129346-1536x1025.jpeg 1536w, https:\/\/campquest.ch\/wp-content\/uploads\/2023\/02\/AdobeStock_145129346-2048x1367.jpeg 2048w, https:\/\/campquest.ch\/wp-content\/uploads\/2023\/02\/AdobeStock_145129346-360x240.jpeg 360w\" sizes=\"auto, (max-width: 1024px) 100vw, 1024px\" \/><\/a><\/figure>\n<\/div>\n<\/div>\n\n\n\n<hr class=\"wp-block-separator has-alpha-channel-opacity\"\/>\n\n\n\n<p class=\"has-text-align-center has-accent-color has-background-color-background-color has-text-color has-background has-medium-font-size\"><strong><a href=\"https:\/\/campquest.ch\/anmeldung\/\" data-type=\"page\" data-id=\"126\">Jetzt anmelden<\/a><\/strong><\/p>\n","protected":false},"excerpt":{"rendered":"<p>\u00abExtreme!\u00bb ist das Thema des Camp Quest, des Sommerlagers f\u00fcr 10- bis 15-J\u00e4hrige, das vom 23. bis 29. Juli im Berner Oberland stattfindet. Spielerisch n\u00e4hern wir uns dem facettenreichen Thema: von Radikalisierung und gewaltt\u00e4tigem Extremismus bis hin zu Extremsportarten. In Theaterworkshops, bei Besuchen der Kriminalpolizei Interlaken, bei Sport, Spiel und [&hellip;]<\/p>\n","protected":false},"author":8,"featured_media":0,"parent":0,"menu_order":0,"comment_status":"closed","ping_status":"closed","template":"","meta":{"footnotes":""},"class_list":["post-1757","page","type-page","status-publish","hentry"],"_links":{"self":[{"href":"https:\/\/campquest.ch\/en\/wp-json\/wp\/v2\/pages\/1757","targetHints":{"allow":["GET"]}}],"collection":[{"href":"https:\/\/campquest.ch\/en\/wp-json\/wp\/v2\/pages"}],"about":[{"href":"https:\/\/campquest.ch\/en\/wp-json\/wp\/v2\/types\/page"}],"author":[{"embeddable":true,"href":"https:\/\/campquest.ch\/en\/wp-json\/wp\/v2\/users\/8"}],"replies":[{"embeddable":true,"href":"https:\/\/campquest.ch\/en\/wp-json\/wp\/v2\/comments?post=1757"}],"version-history":[{"count":6,"href":"https:\/\/campquest.ch\/en\/wp-json\/wp\/v2\/pages\/1757\/revisions"}],"predecessor-version":[{"id":16193,"href":"https:\/\/campquest.ch\/en\/wp-json\/wp\/v2\/pages\/1757\/revisions\/16193"}],"wp:attachment":[{"href":"https:\/\/campquest.ch\/en\/wp-json\/wp\/v2\/media?parent=1757"}],"curies":[{"name":"wp","href":"https:\/\/api.w.org\/{rel}","templated":true}]}}