{"id":1673,"date":"2023-02-10T12:36:55","date_gmt":"2023-02-10T11:36:55","guid":{"rendered":"https:\/\/campquest.ch\/?page_id=1673"},"modified":"2023-02-10T12:36:55","modified_gmt":"2023-02-10T11:36:55","slug":"camp-quest-2022","status":"publish","type":"page","link":"https:\/\/campquest.ch\/en\/camp-quest-2022\/","title":{"rendered":"Camp Quest 2022"},"content":{"rendered":"\n<p><\/p>\n\n\n\n<p><\/p>\n\n\n\n<div class=\"wp-block-columns is-layout-flex wp-container-core-columns-is-layout-28f84493 wp-block-columns-is-layout-flex\">\n<div class=\"wp-block-column is-layout-flow wp-block-column-is-layout-flow\">\n<figure class=\"wp-block-image size-large\"><a href=\"https:\/\/campquest.ch\/wp-content\/uploads\/2022\/05\/lichthelm_web.jpg\"><img loading=\"lazy\" decoding=\"async\" width=\"859\" height=\"859\" src=\"https:\/\/campquest.ch\/wp-content\/uploads\/2023\/02\/lichthelm_web-edited.jpg\" alt=\"Camp Quest Thema Energie\" class=\"wp-image-1676\" srcset=\"https:\/\/campquest.ch\/wp-content\/uploads\/2023\/02\/lichthelm_web-edited.jpg 859w, https:\/\/campquest.ch\/wp-content\/uploads\/2023\/02\/lichthelm_web-edited-300x300.jpg 300w, https:\/\/campquest.ch\/wp-content\/uploads\/2023\/02\/lichthelm_web-edited-150x150.jpg 150w, https:\/\/campquest.ch\/wp-content\/uploads\/2023\/02\/lichthelm_web-edited-768x768.jpg 768w\" sizes=\"auto, (max-width: 859px) 100vw, 859px\" \/><\/a><figcaption class=\"wp-element-caption\"><em>Themenbild \u00abEnergie\u00bb Camp Quest 2022<\/em><\/figcaption><\/figure>\n<\/div>\n<\/div>\n\n\n\n<p class=\"has-text-align-center has-medium-font-size\"><strong>Das Camp Quest fand vom 24. bis 30. Juli 2022 in Langenbruck (BL)<\/strong><\/p>\n\n\n\n<hr class=\"wp-block-separator has-alpha-channel-opacity\"\/>\n\n\n\n<p class=\"has-text-align-center has-black-color has-text-color\">Backofen, Computer, Heizung, Auto und Radio: Ohne Strom geht nichts. Die Nachfrage und der Verbrauch steigen stetig, Szenarien von Strommangellagen sind wahrscheinlich, zumal zugunsten der Erreichung der Klimaziele eben auch Mobilit\u00e4t und W\u00e4rme elektrifiziert werden. Atomkraftwerke gehen in der Schweiz in absehbarer Zeit vom Netz und der Ausbau von ressourcenschonenden, erneuerbaren Energien soll die Versorgung in der Zukunft sichern. <\/p>\n\n\n\n<p class=\"has-text-align-center has-black-color has-text-color\">Grund genug, uns an dem Ort, in dem auch das \u00d6kozentrum seinen Sitz hat und der erste solarbetriebene Skilift sowie eine Solarbobbahn stehen, mit der Thematik auseinanderzusetzen. <\/p>\n\n\n\n<div class=\"wp-block-columns is-layout-flex wp-container-core-columns-is-layout-28f84493 wp-block-columns-is-layout-flex\">\n<div class=\"wp-block-column is-layout-flow wp-block-column-is-layout-flow\" style=\"flex-basis:33.33%\">\n<h2 class=\"has-medium-font-size wp-block-heading\">Experimente<\/h2>\n\n\n\n<p class=\"has-black-color has-text-color has-small-font-size\">Guides der regionalen Energiedienstleister kommen mit einem spannenden Koffer an Materialien direkt ins Haus und erkl\u00e4ren uns Grunds\u00e4tzliches zu verschiedenen Formen von Energie und deren Umwandlung, wobei etliche Experimente angestellt werden. Zudem erfahren wir, wie und wo Energie im Alltag eingespart werden kann und erkennen so auch gesellschaftliche Abh\u00e4ngigkeiten. <\/p>\n<\/div>\n\n\n\n<div class=\"wp-block-column is-layout-flow wp-block-column-is-layout-flow\" style=\"flex-basis:66.66%\">\n<figure class=\"wp-block-image size-full\"><a href=\"https:\/\/campquest.ch\/wp-content\/uploads\/2022\/04\/Bild_Energieeffizienz_Kinder-edited.jpg\"><img loading=\"lazy\" decoding=\"async\" width=\"867\" height=\"487\" src=\"https:\/\/campquest.ch\/wp-content\/uploads\/2022\/04\/Bild_Energieeffizienz_Kinder-edited.jpg\" alt=\"\" class=\"wp-image-1419\" srcset=\"https:\/\/campquest.ch\/wp-content\/uploads\/2022\/04\/Bild_Energieeffizienz_Kinder-edited.jpg 867w, https:\/\/campquest.ch\/wp-content\/uploads\/2022\/04\/Bild_Energieeffizienz_Kinder-edited-300x169.jpg 300w, https:\/\/campquest.ch\/wp-content\/uploads\/2022\/04\/Bild_Energieeffizienz_Kinder-edited-768x431.jpg 768w, https:\/\/campquest.ch\/wp-content\/uploads\/2022\/04\/Bild_Energieeffizienz_Kinder-edited-624x351.jpg 624w\" sizes=\"auto, (max-width: 867px) 100vw, 867px\" \/><\/a><figcaption class=\"wp-element-caption\">Foto: linie-e.ch<\/figcaption><\/figure>\n<\/div>\n<\/div>\n\n\n\n<div class=\"wp-block-columns is-layout-flex wp-container-core-columns-is-layout-28f84493 wp-block-columns-is-layout-flex\">\n<div class=\"wp-block-column is-layout-flow wp-block-column-is-layout-flow\" style=\"flex-basis:33.33%\">\n<h2 class=\"has-medium-font-size wp-block-heading\"><strong>Flusskraftwerk<\/strong> Rupplodingen<\/h2>\n\n\n\n<p class=\"has-black-color has-text-color has-small-font-size\">Beim Besuch des Flusskraftwerks in Ruppoldingen erleben wir hautnah, wie aus der Kraft des Wassers elektrischer Strom gewonnen wird, wobei die \u00f6kologische Einbettung der Anlage ebenfalls eine zentrale Vorzeigerolle spielt.<\/p>\n<\/div>\n\n\n\n<div class=\"wp-block-column is-layout-flow wp-block-column-is-layout-flow\" style=\"flex-basis:66.66%\">\n<figure class=\"wp-block-image size-large\"><a href=\"https:\/\/campquest.ch\/wp-content\/uploads\/2022\/04\/Bild_Flusskraftwerk-Ruppoldingen-edited.jpg\"><img loading=\"lazy\" decoding=\"async\" width=\"1024\" height=\"574\" src=\"https:\/\/campquest.ch\/wp-content\/uploads\/2022\/04\/Bild_Flusskraftwerk-Ruppoldingen-edited-1024x574.jpg\" alt=\"\" class=\"wp-image-1421\" srcset=\"https:\/\/campquest.ch\/wp-content\/uploads\/2022\/04\/Bild_Flusskraftwerk-Ruppoldingen-edited-1024x574.jpg 1024w, https:\/\/campquest.ch\/wp-content\/uploads\/2022\/04\/Bild_Flusskraftwerk-Ruppoldingen-edited-300x168.jpg 300w, https:\/\/campquest.ch\/wp-content\/uploads\/2022\/04\/Bild_Flusskraftwerk-Ruppoldingen-edited-768x430.jpg 768w, https:\/\/campquest.ch\/wp-content\/uploads\/2022\/04\/Bild_Flusskraftwerk-Ruppoldingen-edited-624x350.jpg 624w, https:\/\/campquest.ch\/wp-content\/uploads\/2022\/04\/Bild_Flusskraftwerk-Ruppoldingen-edited.jpg 1305w\" sizes=\"auto, (max-width: 1024px) 100vw, 1024px\" \/><\/a><figcaption class=\"wp-element-caption\">Foto: linie-e.ch<\/figcaption><\/figure>\n<\/div>\n<\/div>\n\n\n\n<div class=\"wp-block-columns is-layout-flex wp-container-core-columns-is-layout-28f84493 wp-block-columns-is-layout-flex\">\n<div class=\"wp-block-column is-layout-flow wp-block-column-is-layout-flow\" style=\"flex-basis:33.33%\">\n<h2 class=\"has-medium-font-size wp-block-heading\"><strong>Workshop<\/strong><\/h2>\n\n\n\n<p class=\"has-black-color has-text-color has-small-font-size\">Im Anschluss an die F\u00fchrung haben wir in einem Workshopteil die Gelegenheit, die Funktionsweise von Turbinen und Generatoren an selbst gebauten Modellen nachzuvollziehen.<\/p>\n<\/div>\n\n\n\n<div class=\"wp-block-column is-layout-flow wp-block-column-is-layout-flow\" style=\"flex-basis:66.66%\">\n<figure class=\"wp-block-image size-full\"><a href=\"https:\/\/campquest.ch\/wp-content\/uploads\/2022\/05\/c9c48dcf8ab6110gd63c40ddcb4a7e1c@2x.jpg\"><img loading=\"lazy\" decoding=\"async\" width=\"870\" height=\"580\" src=\"https:\/\/campquest.ch\/wp-content\/uploads\/2022\/05\/c9c48dcf8ab6110gd63c40ddcb4a7e1c@2x.jpg\" alt=\"\" class=\"wp-image-1499\" srcset=\"https:\/\/campquest.ch\/wp-content\/uploads\/2022\/05\/c9c48dcf8ab6110gd63c40ddcb4a7e1c@2x.jpg 870w, https:\/\/campquest.ch\/wp-content\/uploads\/2022\/05\/c9c48dcf8ab6110gd63c40ddcb4a7e1c@2x-300x200.jpg 300w, https:\/\/campquest.ch\/wp-content\/uploads\/2022\/05\/c9c48dcf8ab6110gd63c40ddcb4a7e1c@2x-768x512.jpg 768w, https:\/\/campquest.ch\/wp-content\/uploads\/2022\/05\/c9c48dcf8ab6110gd63c40ddcb4a7e1c@2x-360x240.jpg 360w\" sizes=\"auto, (max-width: 870px) 100vw, 870px\" \/><\/a><figcaption class=\"wp-element-caption\">Foto: linie-e.ch<\/figcaption><\/figure>\n<\/div>\n<\/div>\n\n\n\n<div class=\"wp-block-columns is-layout-flex wp-container-core-columns-is-layout-28f84493 wp-block-columns-is-layout-flex\">\n<div class=\"wp-block-column is-layout-flow wp-block-column-is-layout-flow\" style=\"flex-basis:33.33%\">\n<h2 class=\"has-medium-font-size wp-block-heading\">Entspannung an der Aare<\/h2>\n\n\n\n<p class=\"has-black-color has-text-color has-small-font-size\">Auch die entspannende Seite der Aare geniessen wir bei bei unserem Ausflug nach Ruppoldingen! <\/p>\n<\/div>\n\n\n\n<div class=\"wp-block-column is-layout-flow wp-block-column-is-layout-flow\" style=\"flex-basis:66.66%\">\n<figure class=\"wp-block-image size-full\"><a href=\"https:\/\/campquest.ch\/wp-content\/uploads\/2022\/04\/Bild_Ruppoldingen-Strand-edited.jpg\"><img loading=\"lazy\" decoding=\"async\" width=\"1024\" height=\"576\" src=\"https:\/\/campquest.ch\/wp-content\/uploads\/2022\/04\/Bild_Ruppoldingen-Strand-edited.jpg\" alt=\"\" class=\"wp-image-1423\" srcset=\"https:\/\/campquest.ch\/wp-content\/uploads\/2022\/04\/Bild_Ruppoldingen-Strand-edited.jpg 1024w, https:\/\/campquest.ch\/wp-content\/uploads\/2022\/04\/Bild_Ruppoldingen-Strand-edited-300x169.jpg 300w, https:\/\/campquest.ch\/wp-content\/uploads\/2022\/04\/Bild_Ruppoldingen-Strand-edited-768x432.jpg 768w, https:\/\/campquest.ch\/wp-content\/uploads\/2022\/04\/Bild_Ruppoldingen-Strand-edited-624x351.jpg 624w\" sizes=\"auto, (max-width: 1024px) 100vw, 1024px\" \/><\/a><figcaption class=\"wp-element-caption\">Das Aareufer in Ruppoldingen (Foto: Flickr.com, Christoph Hurni)<\/figcaption><\/figure>\n<\/div>\n<\/div>\n\n\n\n<div class=\"wp-block-columns is-layout-flex wp-container-core-columns-is-layout-28f84493 wp-block-columns-is-layout-flex\">\n<div class=\"wp-block-column is-layout-flow wp-block-column-is-layout-flow\" style=\"flex-basis:33.33%\">\n<h2 class=\"has-medium-font-size wp-block-heading\">Solarbetriebene Bobbahn<\/h2>\n\n\n\n<p class=\"has-black-color has-text-color has-small-font-size\">Das Potenzial der Solarenergie wird uns auf der damit betriebenen Bobbahn in Langenbruck eindr\u00fccklich einfahren!<\/p>\n\n\n\n<p class=\"has-black-color has-text-color has-small-font-size\">Und damit wir auch verstehen, wie das funktioniert, lassen wir uns von den Betreibern (<a href=\"https:\/\/deinkick.ch\">deinkick.ch<\/a>) die Solaranlage erkl\u00e4ren.<\/p>\n<\/div>\n\n\n\n<div class=\"wp-block-column is-layout-flow wp-block-column-is-layout-flow\" style=\"flex-basis:66.66%\">\n<figure class=\"wp-block-image size-full\"><a href=\"https:\/\/campquest.ch\/wp-content\/uploads\/2022\/04\/Bild_Rodeln-edited.jpg\"><img loading=\"lazy\" decoding=\"async\" width=\"752\" height=\"423\" src=\"https:\/\/campquest.ch\/wp-content\/uploads\/2022\/04\/Bild_Rodeln-edited.jpg\" alt=\"\" class=\"wp-image-1410\" srcset=\"https:\/\/campquest.ch\/wp-content\/uploads\/2022\/04\/Bild_Rodeln-edited.jpg 752w, https:\/\/campquest.ch\/wp-content\/uploads\/2022\/04\/Bild_Rodeln-edited-300x169.jpg 300w, https:\/\/campquest.ch\/wp-content\/uploads\/2022\/04\/Bild_Rodeln-edited-624x351.jpg 624w\" sizes=\"auto, (max-width: 752px) 100vw, 752px\" \/><\/a><figcaption class=\"wp-element-caption\">Foto: deinkick.ch<\/figcaption><\/figure>\n<\/div>\n<\/div>\n\n\n\n<div class=\"wp-block-columns is-layout-flex wp-container-core-columns-is-layout-28f84493 wp-block-columns-is-layout-flex\">\n<div class=\"wp-block-column is-layout-flow wp-block-column-is-layout-flow\" style=\"flex-basis:33.33%\">\n<h2 class=\"has-medium-font-size wp-block-heading\">Energie-Kick<\/h2>\n\n\n\n<p class=\"has-black-color has-text-color has-small-font-size\">Und auch in luftiger H\u00f6he holen wir uns einen (Energie-)Kick, denn zur Anlage geh\u00f6rt auch ein Seilpark.<\/p>\n<\/div>\n\n\n\n<div class=\"wp-block-column is-layout-flow wp-block-column-is-layout-flow\" style=\"flex-basis:66.66%\">\n<figure class=\"wp-block-image size-full\"><a href=\"https:\/\/campquest.ch\/wp-content\/uploads\/2022\/04\/Bild_Klettern_Kind-edited.jpg\"><img loading=\"lazy\" decoding=\"async\" width=\"807\" height=\"453\" src=\"https:\/\/campquest.ch\/wp-content\/uploads\/2022\/04\/Bild_Klettern_Kind-edited.jpg\" alt=\"\" class=\"wp-image-1409\" srcset=\"https:\/\/campquest.ch\/wp-content\/uploads\/2022\/04\/Bild_Klettern_Kind-edited.jpg 807w, https:\/\/campquest.ch\/wp-content\/uploads\/2022\/04\/Bild_Klettern_Kind-edited-300x168.jpg 300w, https:\/\/campquest.ch\/wp-content\/uploads\/2022\/04\/Bild_Klettern_Kind-edited-768x431.jpg 768w, https:\/\/campquest.ch\/wp-content\/uploads\/2022\/04\/Bild_Klettern_Kind-edited-624x350.jpg 624w\" sizes=\"auto, (max-width: 807px) 100vw, 807px\" \/><\/a><figcaption class=\"wp-element-caption\">Foto: deinkick.ch<\/figcaption><\/figure>\n<\/div>\n<\/div>\n\n\n\n<div class=\"wp-block-columns is-layout-flex wp-container-core-columns-is-layout-28f84493 wp-block-columns-is-layout-flex\">\n<div class=\"wp-block-column is-layout-flow wp-block-column-is-layout-flow\" style=\"flex-basis:33.33%\">\n<h2 class=\"has-medium-font-size wp-block-heading\">Mineralquellen Eptingen<\/h2>\n\n\n\n<p class=\"has-accent-color has-text-color\">NUR IN DER 1. WOCHE, SORRY<\/p>\n\n\n\n<p class=\"has-black-color has-text-color has-small-font-size\">In der Nachbargemeinde Eptingen besichtigen wir die Mineralwasserquellen und lassen uns zeigen, was es braucht, dass das Wasser aus \u00fcber 400 Meter Tiefe qualit\u00e4tsgepr\u00fcft in Flaschen abgef\u00fcllt und auf unseren Esstischen landen kann.<\/p>\n<\/div>\n\n\n\n<div class=\"wp-block-column is-layout-flow wp-block-column-is-layout-flow\" style=\"flex-basis:66.66%\"><div class=\"wp-block-image\">\n<figure class=\"aligncenter size-large\"><a href=\"https:\/\/campquest.ch\/wp-content\/uploads\/2022\/05\/Mineralquellen-Eptingen-scaled.jpeg\"><img loading=\"lazy\" decoding=\"async\" width=\"2560\" height=\"1440\" src=\"https:\/\/campquest.ch\/wp-content\/uploads\/2022\/05\/Mineralquellen-Eptingen-edited-scaled.jpeg\" alt=\"Areal der Mineralquellen Eptingen\" class=\"wp-image-1488\" srcset=\"https:\/\/campquest.ch\/wp-content\/uploads\/2022\/05\/Mineralquellen-Eptingen-edited-scaled.jpeg 2560w, https:\/\/campquest.ch\/wp-content\/uploads\/2022\/05\/Mineralquellen-Eptingen-edited-300x169.jpeg 300w, https:\/\/campquest.ch\/wp-content\/uploads\/2022\/05\/Mineralquellen-Eptingen-edited-1024x576.jpeg 1024w, https:\/\/campquest.ch\/wp-content\/uploads\/2022\/05\/Mineralquellen-Eptingen-edited-768x432.jpeg 768w, https:\/\/campquest.ch\/wp-content\/uploads\/2022\/05\/Mineralquellen-Eptingen-edited-1536x864.jpeg 1536w, https:\/\/campquest.ch\/wp-content\/uploads\/2022\/05\/Mineralquellen-Eptingen-edited-2048x1152.jpeg 2048w\" sizes=\"auto, (max-width: 2560px) 100vw, 2560px\" \/><\/a><figcaption class=\"wp-element-caption\">Foto: Andreas Kyriacou<\/figcaption><\/figure>\n<\/div><\/div>\n<\/div>\n\n\n\n<div class=\"wp-block-columns is-layout-flex wp-container-core-columns-is-layout-28f84493 wp-block-columns-is-layout-flex\">\n<div class=\"wp-block-column is-layout-flow wp-block-column-is-layout-flow\" style=\"flex-basis:33.33%\">\n<h2 class=\"has-medium-font-size wp-block-heading\">Langenbruck<\/h2>\n\n\n\n<p class=\"has-black-color has-text-color has-small-font-size\">Das <a href=\"https:\/\/chinderhus.ch\" data-type=\"URL\" data-id=\"https:\/\/chinderhus.ch\">Chinderhus<\/a> in Langenbruck dient uns als Heimbasis. Es bietet viel Raum und ist nur wenige Gehminuten von der Bushaltestelle Langenbruck Passh\u00f6he entfernt. An- und Abreise sind also unkompliziert zu organisieren.<\/p>\n\n\n\n<p class=\"has-black-color has-text-color has-small-font-size\"><\/p>\n<\/div>\n\n\n\n<div class=\"wp-block-column is-layout-flow wp-block-column-is-layout-flow\" style=\"flex-basis:66.66%\">\n<figure class=\"wp-block-image size-full\"><a href=\"https:\/\/campquest.ch\/wp-content\/uploads\/2022\/04\/IMG_5158_Lauftext-1024x539-1-edited.jpg\"><img loading=\"lazy\" decoding=\"async\" width=\"958\" height=\"539\" src=\"https:\/\/campquest.ch\/wp-content\/uploads\/2022\/04\/IMG_5158_Lauftext-1024x539-1-edited.jpg\" alt=\"\" class=\"wp-image-1412\" srcset=\"https:\/\/campquest.ch\/wp-content\/uploads\/2022\/04\/IMG_5158_Lauftext-1024x539-1-edited.jpg 958w, https:\/\/campquest.ch\/wp-content\/uploads\/2022\/04\/IMG_5158_Lauftext-1024x539-1-edited-300x169.jpg 300w, https:\/\/campquest.ch\/wp-content\/uploads\/2022\/04\/IMG_5158_Lauftext-1024x539-1-edited-768x432.jpg 768w, https:\/\/campquest.ch\/wp-content\/uploads\/2022\/04\/IMG_5158_Lauftext-1024x539-1-edited-624x351.jpg 624w\" sizes=\"auto, (max-width: 958px) 100vw, 958px\" \/><\/a><figcaption class=\"wp-element-caption\">Das Chinderhus in Langenbruck (Foto: chinderhus.ch)<\/figcaption><\/figure>\n<\/div>\n<\/div>\n\n\n\n<div class=\"wp-block-columns is-layout-flex wp-container-core-columns-is-layout-28f84493 wp-block-columns-is-layout-flex\">\n<div class=\"wp-block-column is-layout-flow wp-block-column-is-layout-flow\" style=\"flex-basis:33.33%\">\n<h2 class=\"has-medium-font-size wp-block-heading\">Sport, Spiel und Spass<\/h2>\n\n\n\n<p class=\"has-black-color has-text-color has-small-font-size\">T\u00f6ggelikasten, Tischtennistisch und Gartengrill werden im Chinderhus sicher alle zum Einsatz kommen.<\/p>\n\n\n\n<p class=\"has-black-color has-text-color has-small-font-size\">Und nat\u00fcrlich schauen wir uns auch die Umgebung von Langenbruck an, zum Beispiel den alten R\u00f6merweg.<br><\/p>\n<\/div>\n\n\n\n<div class=\"wp-block-column is-layout-flow wp-block-column-is-layout-flow\" style=\"flex-basis:66.66%\">\n<figure class=\"wp-block-image size-large\"><a href=\"https:\/\/campquest.ch\/wp-content\/uploads\/2022\/05\/Aufenthaltsraum-2103-scaled-1.jpg\"><img loading=\"lazy\" decoding=\"async\" width=\"2560\" height=\"1440\" src=\"https:\/\/campquest.ch\/wp-content\/uploads\/2022\/05\/Aufenthaltsraum-2103-scaled-1-edited.jpg\" alt=\"\" class=\"wp-image-1502\" srcset=\"https:\/\/campquest.ch\/wp-content\/uploads\/2022\/05\/Aufenthaltsraum-2103-scaled-1-edited.jpg 2560w, https:\/\/campquest.ch\/wp-content\/uploads\/2022\/05\/Aufenthaltsraum-2103-scaled-1-edited-300x169.jpg 300w, https:\/\/campquest.ch\/wp-content\/uploads\/2022\/05\/Aufenthaltsraum-2103-scaled-1-edited-1024x576.jpg 1024w, https:\/\/campquest.ch\/wp-content\/uploads\/2022\/05\/Aufenthaltsraum-2103-scaled-1-edited-768x432.jpg 768w, https:\/\/campquest.ch\/wp-content\/uploads\/2022\/05\/Aufenthaltsraum-2103-scaled-1-edited-1536x864.jpg 1536w, https:\/\/campquest.ch\/wp-content\/uploads\/2022\/05\/Aufenthaltsraum-2103-scaled-1-edited-2048x1152.jpg 2048w\" sizes=\"auto, (max-width: 2560px) 100vw, 2560px\" \/><\/a><figcaption class=\"wp-element-caption\">Das Chinderhus von innen. (Foto: chinderhus.ch)<\/figcaption><\/figure>\n<\/div>\n<\/div>\n\n\n\n<p><\/p>\n","protected":false},"excerpt":{"rendered":"<p>Das Camp Quest fand vom 24. bis 30. Juli 2022 in Langenbruck (BL) Backofen, Computer, Heizung, Auto und Radio: Ohne Strom geht nichts. Die Nachfrage und der Verbrauch steigen stetig, Szenarien von Strommangellagen sind wahrscheinlich, zumal zugunsten der Erreichung der Klimaziele eben auch Mobilit\u00e4t und W\u00e4rme elektrifiziert werden. Atomkraftwerke gehen [&hellip;]<\/p>\n","protected":false},"author":8,"featured_media":0,"parent":0,"menu_order":0,"comment_status":"closed","ping_status":"closed","template":"","meta":{"footnotes":""},"class_list":["post-1673","page","type-page","status-publish","hentry"],"_links":{"self":[{"href":"https:\/\/campquest.ch\/en\/wp-json\/wp\/v2\/pages\/1673","targetHints":{"allow":["GET"]}}],"collection":[{"href":"https:\/\/campquest.ch\/en\/wp-json\/wp\/v2\/pages"}],"about":[{"href":"https:\/\/campquest.ch\/en\/wp-json\/wp\/v2\/types\/page"}],"author":[{"embeddable":true,"href":"https:\/\/campquest.ch\/en\/wp-json\/wp\/v2\/users\/8"}],"replies":[{"embeddable":true,"href":"https:\/\/campquest.ch\/en\/wp-json\/wp\/v2\/comments?post=1673"}],"version-history":[{"count":4,"href":"https:\/\/campquest.ch\/en\/wp-json\/wp\/v2\/pages\/1673\/revisions"}],"predecessor-version":[{"id":1678,"href":"https:\/\/campquest.ch\/en\/wp-json\/wp\/v2\/pages\/1673\/revisions\/1678"}],"wp:attachment":[{"href":"https:\/\/campquest.ch\/en\/wp-json\/wp\/v2\/media?parent=1673"}],"curies":[{"name":"wp","href":"https:\/\/api.w.org\/{rel}","templated":true}]}}