{"id":1256,"date":"2019-05-16T19:35:53","date_gmt":"2019-05-16T17:35:53","guid":{"rendered":"https:\/\/campquest.ch\/?page_id=1256"},"modified":"2019-05-22T10:43:03","modified_gmt":"2019-05-22T08:43:03","slug":"cq-2019-21-bis-27-juli-in-maennedorf","status":"publish","type":"page","link":"https:\/\/campquest.ch\/en\/cq-2019-21-bis-27-juli-in-maennedorf\/","title":{"rendered":"21. bis 27. Juli in M\u00e4nnedorf"},"content":{"rendered":"\n<h4 class=\"wp-block-heading\"><strong>Hauptthema Tierethik<\/strong><\/h4>\n\n\n\n<p>Die Region Z\u00fcrich bildet die Kulisse f\u00fcr die siebte Ausgabe unseres wissenschaftlich-humanistischen Sommerlagers. Wir erkunden den Z\u00fcrichsee und das Z\u00fcrcher Oberland.<br><br>Ein Schwerpunktthema ist diesmal unser Umgang mit Tieren. Wir besuchen unter anderem einen Hof, auf dem Tiere, die in der Landwirtschaft nicht mehr \u00abgebraucht\u00bb werden, weiterleben k\u00f6nnen.<\/p>\n\n\n\n<figure class=\"wp-block-image\"><img loading=\"lazy\" decoding=\"async\" width=\"750\" height=\"422\" src=\"https:\/\/campquest.ch\/wp-content\/uploads\/2019\/05\/1415996727795.jpeg\" alt=\"\" class=\"wp-image-1260\" srcset=\"https:\/\/campquest.ch\/wp-content\/uploads\/2019\/05\/1415996727795.jpeg 750w, https:\/\/campquest.ch\/wp-content\/uploads\/2019\/05\/1415996727795-300x169.jpeg 300w, https:\/\/campquest.ch\/wp-content\/uploads\/2019\/05\/1415996727795-624x351.jpeg 624w\" sizes=\"auto, (max-width: 750px) 100vw, 750px\" \/><\/figure>\n\n\n\n<p>Und wir schauen uns an, wie \u00e4hnlich wir anderen Tieren sind, und was uns von ihnen unterscheidet. Dazu besuchen wir unter anderem das Evolutionsmuseum Kulturama.<\/p>\n\n\n\n<figure class=\"wp-block-image\"><img loading=\"lazy\" decoding=\"async\" width=\"1024\" height=\"325\" src=\"https:\/\/campquest.ch\/wp-content\/uploads\/2019\/05\/Museum-aussen-1024x325.jpg\" alt=\"\" class=\"wp-image-1263\" srcset=\"https:\/\/campquest.ch\/wp-content\/uploads\/2019\/05\/Museum-aussen-1024x325.jpg 1024w, https:\/\/campquest.ch\/wp-content\/uploads\/2019\/05\/Museum-aussen-300x95.jpg 300w, https:\/\/campquest.ch\/wp-content\/uploads\/2019\/05\/Museum-aussen-768x244.jpg 768w, https:\/\/campquest.ch\/wp-content\/uploads\/2019\/05\/Museum-aussen-624x198.jpg 624w, https:\/\/campquest.ch\/wp-content\/uploads\/2019\/05\/Museum-aussen.jpg 1025w\" sizes=\"auto, (max-width: 1024px) 100vw, 1024px\" \/><\/figure>\n\n\n\n<p>Und nat\u00fcrlich gibt es wie immer Workshops, Spiel, Sport und Lagerfeuer. Das Camp Quest ist auf Kids von 9 bis 15 Jahren ausgerichtet.&nbsp;Vieles machen wir in der Gruppe, f\u00fcr einzelne Programmpunkte bieten wir den j\u00fcngeren und den \u00e4lteren Teilnehmenden separate Angebote.<\/p>\n\n\n\n<p><\/p>\n","protected":false},"excerpt":{"rendered":"<p>Hauptthema Tierethik Die Region Z\u00fcrich bildet die Kulisse f\u00fcr die siebte Ausgabe unseres wissenschaftlich-humanistischen Sommerlagers. Wir erkunden den Z\u00fcrichsee und das Z\u00fcrcher Oberland. Ein Schwerpunktthema ist diesmal unser Umgang mit Tieren. Wir besuchen unter anderem einen Hof, auf dem Tiere, die in der Landwirtschaft nicht mehr \u00abgebraucht\u00bb werden, weiterleben k\u00f6nnen. [&hellip;]<\/p>\n","protected":false},"author":2,"featured_media":0,"parent":0,"menu_order":0,"comment_status":"closed","ping_status":"closed","template":"","meta":{"footnotes":""},"class_list":["post-1256","page","type-page","status-publish","hentry"],"_links":{"self":[{"href":"https:\/\/campquest.ch\/en\/wp-json\/wp\/v2\/pages\/1256","targetHints":{"allow":["GET"]}}],"collection":[{"href":"https:\/\/campquest.ch\/en\/wp-json\/wp\/v2\/pages"}],"about":[{"href":"https:\/\/campquest.ch\/en\/wp-json\/wp\/v2\/types\/page"}],"author":[{"embeddable":true,"href":"https:\/\/campquest.ch\/en\/wp-json\/wp\/v2\/users\/2"}],"replies":[{"embeddable":true,"href":"https:\/\/campquest.ch\/en\/wp-json\/wp\/v2\/comments?post=1256"}],"version-history":[{"count":13,"href":"https:\/\/campquest.ch\/en\/wp-json\/wp\/v2\/pages\/1256\/revisions"}],"predecessor-version":[{"id":1289,"href":"https:\/\/campquest.ch\/en\/wp-json\/wp\/v2\/pages\/1256\/revisions\/1289"}],"wp:attachment":[{"href":"https:\/\/campquest.ch\/en\/wp-json\/wp\/v2\/media?parent=1256"}],"curies":[{"name":"wp","href":"https:\/\/api.w.org\/{rel}","templated":true}]}}