{"id":1242,"date":"2018-03-19T16:59:05","date_gmt":"2018-03-19T15:59:05","guid":{"rendered":"https:\/\/campquest.ch\/?page_id=1242"},"modified":"2024-03-01T00:57:33","modified_gmt":"2024-02-29T23:57:33","slug":"spenden","status":"publish","type":"page","link":"https:\/\/campquest.ch\/en\/spenden\/","title":{"rendered":"Spenden"},"content":{"rendered":"<p>Jedes interessierte Kind soll am Camp Quest teilnehmen k\u00f6nnen. Wir versuchen deshalb, die Kosten tief zu halten. M\u00f6glich wird dies vor allem durch die Gratisarbeit der LagerleiterInnen.<\/p>\n<p>Aber nat\u00fcrlich fallen dennoch Unkosten \u2013 f\u00fcr die Lagerhausmiete, die Verpflegung, Eintritte, F\u00fchrungen und Materialien an<\/p>\n<p>Wir danken f\u00fcr kleine und gr\u00f6ssere Beitr\u00e4ge, die uns helfen, das Camp weiterhin kosteng\u00fcnstig betreiben zu k\u00f6nnen.<\/p>\n<p><strong>Spenden f\u00fcr das Camp Quest werden von den Steuerbeh\u00f6rden als gemeinn\u00fctzig anerkannt.<\/strong><\/p>\n<p>Spendenkonto CH71 0076 9440 6483 1200 2<\/p>\n<div style=\"width: 323px\"  class=\"wp-caption alignnone\"><img loading=\"lazy\" decoding=\"async\" src=\"https:\/\/frei-denken.ch\/sites\/fvs\/files\/2024-02\/QR-Code%20BLBL%20Kampagnenkonto%20Zweck%20Camp%20Quest.png\" width=\"313\" height=\"312\" alt=\"QR-Code f\u00fcr eBanking f\u00fcr Camp-Quest-Spende\" \/><p class=\"wp-caption-text\"><em>QR-Code f\u00fcr eBanking f\u00fcr Camp-Quest-Spende<\/em><\/p><\/div>\n<p><!-- \/wp:post-content --><\/p>\n<p><!-- wp:image --><\/p>\n\n<!-- wp:paragraph -->\n<p>Online-Spende mit Debit- oder Kreditkarte<\/p>\n<!-- \/wp:paragraph -->\n\n<!-- wp:shortcode -->\n<script src=\"https:\/\/donorbox.org\/widget.js\" type=\"text\/javascript\"><\/script><iframe src=\"https:\/\/donorbox.org\/embed\/campquestch\" width=\"100%\" style=\"max-width:500px; min-width:310px;\" seamless=\"seamless\" id=\"dbox-form-embed\" name=\"donorbox\" frameborder=\"0\" scrolling=\"no\" allowpaymentrequest><\/iframe>\n<!-- \/wp:shortcode -->","protected":false},"excerpt":{"rendered":"<p>Jedes interessierte Kind soll am Camp Quest teilnehmen k\u00f6nnen. Wir versuchen deshalb, die Kosten tief zu halten. M\u00f6glich wird dies vor allem durch die Gratisarbeit der LagerleiterInnen. Aber nat\u00fcrlich fallen dennoch Unkosten \u2013 f\u00fcr die Lagerhausmiete, die Verpflegung, Eintritte, F\u00fchrungen und Materialien an Wir danken f\u00fcr kleine und gr\u00f6ssere Beitr\u00e4ge, [&hellip;]<\/p>\n","protected":false},"author":2,"featured_media":0,"parent":0,"menu_order":0,"comment_status":"closed","ping_status":"closed","template":"","meta":{"footnotes":""},"class_list":["post-1242","page","type-page","status-publish","hentry"],"_links":{"self":[{"href":"https:\/\/campquest.ch\/en\/wp-json\/wp\/v2\/pages\/1242","targetHints":{"allow":["GET"]}}],"collection":[{"href":"https:\/\/campquest.ch\/en\/wp-json\/wp\/v2\/pages"}],"about":[{"href":"https:\/\/campquest.ch\/en\/wp-json\/wp\/v2\/types\/page"}],"author":[{"embeddable":true,"href":"https:\/\/campquest.ch\/en\/wp-json\/wp\/v2\/users\/2"}],"replies":[{"embeddable":true,"href":"https:\/\/campquest.ch\/en\/wp-json\/wp\/v2\/comments?post=1242"}],"version-history":[{"count":15,"href":"https:\/\/campquest.ch\/en\/wp-json\/wp\/v2\/pages\/1242\/revisions"}],"predecessor-version":[{"id":16205,"href":"https:\/\/campquest.ch\/en\/wp-json\/wp\/v2\/pages\/1242\/revisions\/16205"}],"wp:attachment":[{"href":"https:\/\/campquest.ch\/en\/wp-json\/wp\/v2\/media?parent=1242"}],"curies":[{"name":"wp","href":"https:\/\/api.w.org\/{rel}","templated":true}]}}