{"id":1210,"date":"2018-01-08T14:15:08","date_gmt":"2018-01-08T13:15:08","guid":{"rendered":"https:\/\/campquest.ch\/?page_id=1210"},"modified":"2019-05-17T15:45:07","modified_gmt":"2019-05-17T13:45:07","slug":"das-camp-quest-2018-kommt-wann-soll-es-stattfinden","status":"publish","type":"page","link":"https:\/\/campquest.ch\/en\/das-camp-quest-2018-kommt-wann-soll-es-stattfinden\/","title":{"rendered":"Camp Quest 2018"},"content":{"rendered":"<h1>Sprachen und Dinosaurier \u2013 die Schwerpunkte des Camp Quest 2018<\/h1>\n<p>Der Jura bildet die Kulisse f\u00fcr die sechste Ausgabe des Camp Quest Schweiz. Wir haben uns im Lagerhaus Le Chandelier in der Gemeinde <a href=\"http:\/\/www.closdudoubs.ch\" target=\"_blank\" rel=\"noopener noreferrer\">Clos du Doubs<\/a> eingemietet \u2013 ein idealer Ausgangspunkt, um die ganze Region zu erkunden.<\/p>\n<div id=\"attachment_1221\" style=\"width: 510px\"  class=\"wp-caption alignnone\"><img loading=\"lazy\" decoding=\"async\" class=\"size-full wp-image-1221\" src=\"https:\/\/campquest.ch\/wp-content\/uploads\/2018\/03\/Le-Chandelier.jpg\" alt=\"\" width=\"500\" height=\"331\" srcset=\"https:\/\/campquest.ch\/wp-content\/uploads\/2018\/03\/Le-Chandelier.jpg 500w, https:\/\/campquest.ch\/wp-content\/uploads\/2018\/03\/Le-Chandelier-300x199.jpg 300w\" sizes=\"auto, (max-width: 500px) 100vw, 500px\" \/><p class=\"wp-caption-text\">Le Chandelier<\/p><\/div>\n<p>Das Camp Quest 2018 wird erstmals zweisprachig Deutsch-Franz\u00f6sisch durchgef\u00fchrt. Wir schauen nicht nur, dass F\u00fchrungen und andere Programme in beiden Sprachen angeboten werden, und dass wir im Lager den R\u00f6stigraben auch sonst \u00fcberwinden k\u00f6nnen. Wir befassen uns in dieser Woche auch mit dem Wesen der Sprache. Wie sind unsere Sprachen entstanden? Welche sind wie miteinander verwandt? Wie viel Sprachverm\u00f6gen haben Tiere? All dies wird am Camp Quest Thema sein.<\/p>\n<div id=\"attachment_1222\" style=\"width: 505px\"  class=\"wp-caption alignnone\"><img loading=\"lazy\" decoding=\"async\" class=\"wp-image-1222\" src=\"https:\/\/campquest.ch\/wp-content\/uploads\/2018\/03\/Sprachenbaum.png\" alt=\"\" width=\"495\" height=\"320\" \/><p class=\"wp-caption-text\">Sprachenbaum gezeichnet von Minna Sundberg\/sssscomic.com<\/p><\/div>\n<p>Nat\u00fcrlich geh\u00f6ren wie immer auch Spiele und Lagerfeuer zum Programm. Und auch weitere Sehensw\u00fcrdigkeiten der Region stehen auf dem Programm. Zum Beispiel die Grotten von R\u00e9cl\u00e8re.<\/p>\n<p><img loading=\"lazy\" decoding=\"async\" class=\"alignnone wp-image-1224\" src=\"https:\/\/campquest.ch\/wp-content\/uploads\/2018\/03\/pied_Ajoie_Reclere.jpg\" alt=\"\" width=\"501\" height=\"334\" srcset=\"https:\/\/campquest.ch\/wp-content\/uploads\/2018\/03\/pied_Ajoie_Reclere.jpg 900w, https:\/\/campquest.ch\/wp-content\/uploads\/2018\/03\/pied_Ajoie_Reclere-300x200.jpg 300w, https:\/\/campquest.ch\/wp-content\/uploads\/2018\/03\/pied_Ajoie_Reclere-768x512.jpg 768w, https:\/\/campquest.ch\/wp-content\/uploads\/2018\/03\/pied_Ajoie_Reclere-624x416.jpg 624w\" sizes=\"auto, (max-width: 501px) 100vw, 501px\" \/><\/p>\n<p>Das Lager ist auf maximal 24 Kids von ca. 9 bis 15 Jahren ausgerichtet. Anmeldungen werden in der Reihenfolge des Eingangs ber\u00fccksichtigt.<\/p>\n<p><a href=\"https:\/\/campquest.ch\/anmeldung\/\">Hier geht&#8217;s zur Anmeldung<\/a><\/p>\n","protected":false},"excerpt":{"rendered":"<p>Sprachen und Dinosaurier \u2013 die Schwerpunkte des Camp Quest 2018 Der Jura bildet die Kulisse f\u00fcr die sechste Ausgabe des Camp Quest Schweiz. Wir haben uns im Lagerhaus Le Chandelier in der Gemeinde Clos du Doubs eingemietet \u2013 ein idealer Ausgangspunkt, um die ganze Region zu erkunden. Das Camp Quest [&hellip;]<\/p>\n","protected":false},"author":2,"featured_media":0,"parent":0,"menu_order":0,"comment_status":"closed","ping_status":"closed","template":"","meta":{"footnotes":""},"class_list":["post-1210","page","type-page","status-publish","hentry"],"_links":{"self":[{"href":"https:\/\/campquest.ch\/en\/wp-json\/wp\/v2\/pages\/1210","targetHints":{"allow":["GET"]}}],"collection":[{"href":"https:\/\/campquest.ch\/en\/wp-json\/wp\/v2\/pages"}],"about":[{"href":"https:\/\/campquest.ch\/en\/wp-json\/wp\/v2\/types\/page"}],"author":[{"embeddable":true,"href":"https:\/\/campquest.ch\/en\/wp-json\/wp\/v2\/users\/2"}],"replies":[{"embeddable":true,"href":"https:\/\/campquest.ch\/en\/wp-json\/wp\/v2\/comments?post=1210"}],"version-history":[{"count":16,"href":"https:\/\/campquest.ch\/en\/wp-json\/wp\/v2\/pages\/1210\/revisions"}],"predecessor-version":[{"id":1283,"href":"https:\/\/campquest.ch\/en\/wp-json\/wp\/v2\/pages\/1210\/revisions\/1283"}],"wp:attachment":[{"href":"https:\/\/campquest.ch\/en\/wp-json\/wp\/v2\/media?parent=1210"}],"curies":[{"name":"wp","href":"https:\/\/api.w.org\/{rel}","templated":true}]}}