{"id":1157,"date":"2015-11-12T18:25:29","date_gmt":"2015-11-12T17:25:29","guid":{"rendered":"https:\/\/campquest.ch\/?page_id=1157"},"modified":"2016-06-26T12:36:58","modified_gmt":"2016-06-26T10:36:58","slug":"camp-quest-2016","status":"publish","type":"page","link":"https:\/\/campquest.ch\/en\/camp-quest-2016\/","title":{"rendered":"Camp Quest 2016"},"content":{"rendered":"<p>Dich interessiert, wie die Schweiz vor 20 Millionen Jahren ausgesehen hat? Das kannst Du bei unserem Besuch im <strong>Gletschergarten Luzern<\/strong>\u00a0herausfinden. Und wir unternehmen eine Zeitreise zu den Urahnen des Menschen \u2013 mit Materialien zum\u00a0Buch &#8220;Big Family&#8221; von Michael Schmidt-Salomon. Ein Exemplar des Buches kannst Du \u00fcbrigens mit nach Hause nehmen.<\/p>\n<p><a href=\"https:\/\/campquest.ch\/wp-content\/uploads\/2015\/11\/big_family_dvdcover.jpeg\"><img loading=\"lazy\" decoding=\"async\" class=\"alignnone wp-image-1175 size-full\" src=\"https:\/\/campquest.ch\/wp-content\/uploads\/2015\/11\/big_family_dvdcover-e1466859704164.jpeg\" alt=\"big_family_dvdcover\" width=\"680\" height=\"656\" srcset=\"https:\/\/campquest.ch\/wp-content\/uploads\/2015\/11\/big_family_dvdcover-e1466859704164.jpeg 680w, https:\/\/campquest.ch\/wp-content\/uploads\/2015\/11\/big_family_dvdcover-e1466859704164-300x289.jpeg 300w, https:\/\/campquest.ch\/wp-content\/uploads\/2015\/11\/big_family_dvdcover-e1466859704164-311x300.jpeg 311w\" sizes=\"auto, (max-width: 680px) 100vw, 680px\" \/><\/a><\/p>\n<p>Ein weiteres Thema am diesj\u00e4hrigen Camp Quest ist Medizin. Wir schauen uns an, wie <strong>Herz und Lunge<\/strong> funktionieren: Am Labortisch untersuchen wir die Organe eines Schweins, das uns ein lokaler Metzger liefern wird. Und wir lassen uns bei der <strong>Firma Edwards<\/strong> in Horw zeigen, wie sie <strong>k\u00fcnstliche Herzklappen<\/strong> herstellen.<\/p>\n<p><a href=\"https:\/\/campquest.ch\/wp-content\/uploads\/2015\/11\/Screen-Shot-2016-06-25-at-16.49.34.jpg\"><img loading=\"lazy\" decoding=\"async\" class=\"alignnone size-full wp-image-1176\" src=\"https:\/\/campquest.ch\/wp-content\/uploads\/2015\/11\/Screen-Shot-2016-06-25-at-16.49.34.jpg\" alt=\"Screen Shot 2016-06-25 at 16.49.34\" width=\"1156\" height=\"1128\" srcset=\"https:\/\/campquest.ch\/wp-content\/uploads\/2015\/11\/Screen-Shot-2016-06-25-at-16.49.34.jpg 1156w, https:\/\/campquest.ch\/wp-content\/uploads\/2015\/11\/Screen-Shot-2016-06-25-at-16.49.34-300x293.jpg 300w, https:\/\/campquest.ch\/wp-content\/uploads\/2015\/11\/Screen-Shot-2016-06-25-at-16.49.34-1024x999.jpg 1024w, https:\/\/campquest.ch\/wp-content\/uploads\/2015\/11\/Screen-Shot-2016-06-25-at-16.49.34-307x300.jpg 307w\" sizes=\"auto, (max-width: 1156px) 100vw, 1156px\" \/><\/a><\/p>\n<p>Ein weiterer Ausflug f\u00fchrt uns in die <strong>Stromwelt<\/strong> der CKW. Wir lassen uns zeigen, wie Strom aus verschiedenen Quellen generiert wird und wie in der Zentrale Produktion und Verbrauch \u00fcberwacht werden.<\/p>\n<p>An unseren Workshops kannst Du beispielsweise Geheimschriften kennenlernen und erfahren, wie mit Computern Informationen verschl\u00fcsselt werden.<\/p>\n<p>Nat\u00fcrlich geh\u00f6ren beim Camp Quest auch <strong>Spiel und Sport<\/strong> dazu. An einem Tag wirst\u00a0Du unter fachkundiger Anleitung <strong>klettern<\/strong> \u00fcben. Das Camp Quest findet zum vierten Mal statt, diesmal in Horw bei Luzern, in n\u00e4chster N\u00e4he von Vierwaldst\u00e4ttersee und den Innerschweizer Bergen.\u00a0Platz haben wir f\u00fcr maximal 16\u00a0Kids.\u00a0Mach mit beim Camp Quest, dem Sommerlager f\u00fcr neugierige Forscherinnen und Forscher!<\/p>\n<p><img loading=\"lazy\" decoding=\"async\" class=\"alignnone wp-image-1171 size-full\" src=\"https:\/\/campquest.ch\/wp-content\/uploads\/2015\/11\/camp_quest_spick_1.jpg\" alt=\"camp_quest_spick_1\" width=\"624\" height=\"351\" srcset=\"https:\/\/campquest.ch\/wp-content\/uploads\/2015\/11\/camp_quest_spick_1.jpg 624w, https:\/\/campquest.ch\/wp-content\/uploads\/2015\/11\/camp_quest_spick_1-300x169.jpg 300w, https:\/\/campquest.ch\/wp-content\/uploads\/2015\/11\/camp_quest_spick_1-500x281.jpg 500w\" sizes=\"auto, (max-width: 624px) 100vw, 624px\" \/><\/p>\n<div id=\"attachment_1158\" style=\"width: 1034px\"  class=\"wp-caption alignnone\"><img loading=\"lazy\" decoding=\"async\" class=\"wp-image-1158 size-full\" src=\"https:\/\/campquest.ch\/wp-content\/uploads\/2015\/11\/Bild-Horw.jpeg\" alt=\"Bild Horw\" width=\"1024\" height=\"583\" srcset=\"https:\/\/campquest.ch\/wp-content\/uploads\/2015\/11\/Bild-Horw.jpeg 1024w, https:\/\/campquest.ch\/wp-content\/uploads\/2015\/11\/Bild-Horw-300x171.jpeg 300w, https:\/\/campquest.ch\/wp-content\/uploads\/2015\/11\/Bild-Horw-500x285.jpeg 500w\" sizes=\"auto, (max-width: 1024px) 100vw, 1024px\" \/><p class=\"wp-caption-text\">Berge und Vierwaldst\u00e4ttersee vom Lagerhaus aus gesehen<\/p><\/div>\n","protected":false},"excerpt":{"rendered":"<p>Dich interessiert, wie die Schweiz vor 20 Millionen Jahren ausgesehen hat? Das kannst Du bei unserem Besuch im Gletschergarten Luzern\u00a0herausfinden. Und wir unternehmen eine Zeitreise zu den Urahnen des Menschen \u2013 mit Materialien zum\u00a0Buch &#8220;Big Family&#8221; von Michael Schmidt-Salomon. Ein Exemplar des Buches kannst Du \u00fcbrigens mit nach Hause nehmen. [&hellip;]<\/p>\n","protected":false},"author":2,"featured_media":0,"parent":0,"menu_order":0,"comment_status":"closed","ping_status":"closed","template":"","meta":{"footnotes":""},"class_list":["post-1157","page","type-page","status-publish","hentry"],"_links":{"self":[{"href":"https:\/\/campquest.ch\/en\/wp-json\/wp\/v2\/pages\/1157","targetHints":{"allow":["GET"]}}],"collection":[{"href":"https:\/\/campquest.ch\/en\/wp-json\/wp\/v2\/pages"}],"about":[{"href":"https:\/\/campquest.ch\/en\/wp-json\/wp\/v2\/types\/page"}],"author":[{"embeddable":true,"href":"https:\/\/campquest.ch\/en\/wp-json\/wp\/v2\/users\/2"}],"replies":[{"embeddable":true,"href":"https:\/\/campquest.ch\/en\/wp-json\/wp\/v2\/comments?post=1157"}],"version-history":[{"count":9,"href":"https:\/\/campquest.ch\/en\/wp-json\/wp\/v2\/pages\/1157\/revisions"}],"predecessor-version":[{"id":1169,"href":"https:\/\/campquest.ch\/en\/wp-json\/wp\/v2\/pages\/1157\/revisions\/1169"}],"wp:attachment":[{"href":"https:\/\/campquest.ch\/en\/wp-json\/wp\/v2\/media?parent=1157"}],"curies":[{"name":"wp","href":"https:\/\/api.w.org\/{rel}","templated":true}]}}