{"id":1124,"date":"2015-02-20T13:32:14","date_gmt":"2015-02-20T12:32:14","guid":{"rendered":"https:\/\/campquest.ch\/?page_id=1124"},"modified":"2015-12-04T05:37:27","modified_gmt":"2015-12-04T04:37:27","slug":"lagerhaus-castello","status":"publish","type":"page","link":"https:\/\/campquest.ch\/en\/lagerhaus-castello\/","title":{"rendered":"Lagerhaus Castello"},"content":{"rendered":"<p><a href=\"https:\/\/campquest.ch\/wp-content\/uploads\/2015\/02\/Luftaufnahme.jpg\"><img loading=\"lazy\" decoding=\"async\" class=\" wp-image-1126 alignleft\" src=\"https:\/\/campquest.ch\/wp-content\/uploads\/2015\/02\/Luftaufnahme-300x225.jpg\" alt=\"Luftaufnahme\" width=\"250\" height=\"188\" srcset=\"https:\/\/campquest.ch\/wp-content\/uploads\/2015\/02\/Luftaufnahme-300x225.jpg 300w, https:\/\/campquest.ch\/wp-content\/uploads\/2015\/02\/Luftaufnahme.jpg 400w\" sizes=\"auto, (max-width: 250px) 100vw, 250px\" \/><\/a><a href=\"https:\/\/campquest.ch\/wp-content\/uploads\/2015\/02\/Zirkuswagen.jpg\"><img loading=\"lazy\" decoding=\"async\" class=\"alignnone wp-image-1125\" src=\"https:\/\/campquest.ch\/wp-content\/uploads\/2015\/02\/Zirkuswagen-300x225.jpg\" alt=\"Zirkuswagen\" width=\"251\" height=\"188\" srcset=\"https:\/\/campquest.ch\/wp-content\/uploads\/2015\/02\/Zirkuswagen-300x225.jpg 300w, https:\/\/campquest.ch\/wp-content\/uploads\/2015\/02\/Zirkuswagen.jpg 400w\" sizes=\"auto, (max-width: 251px) 100vw, 251px\" \/><\/a><\/p>\n<p>Dieses Jahr \u00fcbernachten wir\u00a0in Zirkuswagen! Das\u00a0\u00abCastello\u00bb\u00a0bietet eine tolle Atmosph\u00e4re in einer abwechslungsreichen Umgebung. And alle\u00a0n\u00f6tige Infrastruktur, die einen angenehmen Aufenthalt garantieren, ist selbstverst\u00e4ndlich vorhanden.<\/p>\n<p>Das Lagerhaus auf R\u00e4dern befindet sich in T\u00e4gerwilen, einer Nachbargemeinde von Kreuzlingen.<\/p>\n<p>Der Untersee ist gut zu Fuss zu erreichen, in Kreuzungen ist man mit dem \u00f6ffentlichen Verkehr in wenigen Minuten.<\/p>\n<h3>Bilderquelle: <a href=\"http:\/\/www.groups.ch\/de\/K-6630-5435\/gruppenunterkuenfte_bilder.html\">groups.ch<\/a><\/h3>\n","protected":false},"excerpt":{"rendered":"<p>Dieses Jahr \u00fcbernachten wir\u00a0in Zirkuswagen! Das\u00a0\u00abCastello\u00bb\u00a0bietet eine tolle Atmosph\u00e4re in einer abwechslungsreichen Umgebung. And alle\u00a0n\u00f6tige Infrastruktur, die einen angenehmen Aufenthalt garantieren, ist selbstverst\u00e4ndlich vorhanden. Das Lagerhaus auf R\u00e4dern befindet sich in T\u00e4gerwilen, einer Nachbargemeinde von Kreuzlingen. Der Untersee ist gut zu Fuss zu erreichen, in Kreuzungen ist man mit dem [&hellip;]<\/p>\n","protected":false},"author":2,"featured_media":1125,"parent":0,"menu_order":0,"comment_status":"closed","ping_status":"closed","template":"","meta":{"footnotes":""},"class_list":["post-1124","page","type-page","status-publish","has-post-thumbnail","hentry"],"_links":{"self":[{"href":"https:\/\/campquest.ch\/en\/wp-json\/wp\/v2\/pages\/1124","targetHints":{"allow":["GET"]}}],"collection":[{"href":"https:\/\/campquest.ch\/en\/wp-json\/wp\/v2\/pages"}],"about":[{"href":"https:\/\/campquest.ch\/en\/wp-json\/wp\/v2\/types\/page"}],"author":[{"embeddable":true,"href":"https:\/\/campquest.ch\/en\/wp-json\/wp\/v2\/users\/2"}],"replies":[{"embeddable":true,"href":"https:\/\/campquest.ch\/en\/wp-json\/wp\/v2\/comments?post=1124"}],"version-history":[{"count":5,"href":"https:\/\/campquest.ch\/en\/wp-json\/wp\/v2\/pages\/1124\/revisions"}],"predecessor-version":[{"id":1137,"href":"https:\/\/campquest.ch\/en\/wp-json\/wp\/v2\/pages\/1124\/revisions\/1137"}],"wp:featuredmedia":[{"embeddable":true,"href":"https:\/\/campquest.ch\/en\/wp-json\/wp\/v2\/media\/1125"}],"wp:attachment":[{"href":"https:\/\/campquest.ch\/en\/wp-json\/wp\/v2\/media?parent=1124"}],"curies":[{"name":"wp","href":"https:\/\/api.w.org\/{rel}","templated":true}]}}