{"id":1074,"date":"2014-08-03T00:25:16","date_gmt":"2014-08-02T22:25:16","guid":{"rendered":"https:\/\/campquest.ch\/?page_id=1074"},"modified":"2015-12-04T05:38:20","modified_gmt":"2015-12-04T04:38:20","slug":"camp-quest-2014","status":"publish","type":"page","link":"https:\/\/campquest.ch\/en\/campquest2015\/camp-quest-2014\/","title":{"rendered":"Camp Quest 2014"},"content":{"rendered":"<p><em>Am Sonntag, dem 27. Juli 2014 hat das Camp Quest Team, bestehend aus Valentin Abgottspon, Andreas Kyriacou, Regiola Brugger, Dorothee Schmid, Monic Diakit\u00e9-Heinen Carol Hamer und Melanie Hartmann das sogenannte Burgerhaus in Jeizinen in Beschlag genommen um dort eine Woche lang mit 11 Kindern und Jugendlichen im Alter von 5-15 Jahren (davon 2 Kinder fremdsprachig) ein Lager der Superlative zu gestalten.<\/em><\/p>\n<p><iframe loading=\"lazy\" src=\"https:\/\/w.soundcloud.com\/player\/?url=https%3A\/\/api.soundcloud.com\/tracks\/161430674&amp;color=ff5500&amp;auto_play=false&amp;hide_related=false&amp;show_comments=true&amp;show_user=true&amp;show_reposts=false\" width=\"100%\" height=\"166\" frameborder=\"no\" scrolling=\"no\"><\/iframe><\/p>\n\r\n\t\t<style type='text\/css'>\r\n\t\t\t#gallery-1 {\r\n\t\t\t\tmargin: auto;\r\n\t\t\t}\r\n\t\t\t#gallery-1 .gallery-item {\r\n\t\t\t\tfloat: left;\r\n\t\t\t\tmargin-top: 10px;\r\n\t\t\t\ttext-align: center;\r\n\t\t\t\twidth: 25%;\r\n\t\t\t}\r\n\t\t\t#gallery-1 img {\r\n\t\t\t\tborder: 2px solid #cfcfcf;\r\n\t\t\t}\r\n\t\t\t#gallery-1 .gallery-caption {\r\n\t\t\t\tmargin-left: 0;\r\n\t\t\t}\r\n\t\t\t\/* see gallery_shortcode() in wp-includes\/media.php *\/\r\n\t\t<\/style>\n\t\t<div id='gallery-1' class='gallery galleryid-1074 gallery-columns-4 gallery-size-thumbnail'><dl class='gallery-item'>\r\n\t\t\t<dt class='gallery-icon landscape'>\r\n\t\t\t\t<a href='https:\/\/campquest.ch\/wp-content\/uploads\/2014\/07\/IMG_1160.jpg'><img loading=\"lazy\" decoding=\"async\" width=\"150\" height=\"150\" src=\"https:\/\/campquest.ch\/wp-content\/uploads\/2014\/07\/IMG_1160-150x150.jpg\" class=\"attachment-thumbnail size-thumbnail\" alt=\"\" \/><\/a>\r\n\t\t\t<\/dt><\/dl><dl class='gallery-item'>\r\n\t\t\t<dt class='gallery-icon landscape'>\r\n\t\t\t\t<a href='https:\/\/campquest.ch\/wp-content\/uploads\/2014\/07\/IMG_1154.jpg'><img loading=\"lazy\" decoding=\"async\" width=\"150\" height=\"150\" src=\"https:\/\/campquest.ch\/wp-content\/uploads\/2014\/07\/IMG_1154-150x150.jpg\" class=\"attachment-thumbnail size-thumbnail\" alt=\"\" \/><\/a>\r\n\t\t\t<\/dt><\/dl><dl class='gallery-item'>\r\n\t\t\t<dt class='gallery-icon landscape'>\r\n\t\t\t\t<a href='https:\/\/campquest.ch\/wp-content\/uploads\/2014\/07\/IMG_1116.jpg'><img loading=\"lazy\" decoding=\"async\" width=\"150\" height=\"150\" src=\"https:\/\/campquest.ch\/wp-content\/uploads\/2014\/07\/IMG_1116-150x150.jpg\" class=\"attachment-thumbnail size-thumbnail\" alt=\"\" \/><\/a>\r\n\t\t\t<\/dt><\/dl><dl class='gallery-item'>\r\n\t\t\t<dt class='gallery-icon landscape'>\r\n\t\t\t\t<a href='https:\/\/campquest.ch\/wp-content\/uploads\/2014\/07\/IMG_1038.jpg'><img loading=\"lazy\" decoding=\"async\" width=\"150\" height=\"150\" src=\"https:\/\/campquest.ch\/wp-content\/uploads\/2014\/07\/IMG_1038-150x150.jpg\" class=\"attachment-thumbnail size-thumbnail\" alt=\"\" \/><\/a>\r\n\t\t\t<\/dt><\/dl><br style=\"clear: both\" \/><dl class='gallery-item'>\r\n\t\t\t<dt class='gallery-icon landscape'>\r\n\t\t\t\t<a href='https:\/\/campquest.ch\/wp-content\/uploads\/2014\/07\/IMG_0939.jpg'><img loading=\"lazy\" decoding=\"async\" width=\"150\" height=\"150\" src=\"https:\/\/campquest.ch\/wp-content\/uploads\/2014\/07\/IMG_0939-150x150.jpg\" class=\"attachment-thumbnail size-thumbnail\" alt=\"\" \/><\/a>\r\n\t\t\t<\/dt><\/dl><dl class='gallery-item'>\r\n\t\t\t<dt class='gallery-icon landscape'>\r\n\t\t\t\t<a href='https:\/\/campquest.ch\/wp-content\/uploads\/2014\/07\/IMG_0884.jpg'><img loading=\"lazy\" decoding=\"async\" width=\"150\" height=\"150\" src=\"https:\/\/campquest.ch\/wp-content\/uploads\/2014\/07\/IMG_0884-150x150.jpg\" class=\"attachment-thumbnail size-thumbnail\" alt=\"\" \/><\/a>\r\n\t\t\t<\/dt><\/dl><dl class='gallery-item'>\r\n\t\t\t<dt class='gallery-icon landscape'>\r\n\t\t\t\t<a href='https:\/\/campquest.ch\/wp-content\/uploads\/2014\/07\/IMG_0823.jpg'><img loading=\"lazy\" decoding=\"async\" width=\"150\" height=\"150\" src=\"https:\/\/campquest.ch\/wp-content\/uploads\/2014\/07\/IMG_0823-150x150.jpg\" class=\"attachment-thumbnail size-thumbnail\" alt=\"\" \/><\/a>\r\n\t\t\t<\/dt><\/dl><dl class='gallery-item'>\r\n\t\t\t<dt class='gallery-icon landscape'>\r\n\t\t\t\t<a href='https:\/\/campquest.ch\/wp-content\/uploads\/2014\/07\/IMG_0750.jpg'><img loading=\"lazy\" decoding=\"async\" width=\"150\" height=\"150\" src=\"https:\/\/campquest.ch\/wp-content\/uploads\/2014\/07\/IMG_0750-150x150.jpg\" class=\"attachment-thumbnail size-thumbnail\" alt=\"\" \/><\/a>\r\n\t\t\t<\/dt><\/dl><br style=\"clear: both\" \/><dl class='gallery-item'>\r\n\t\t\t<dt class='gallery-icon landscape'>\r\n\t\t\t\t<a href='https:\/\/campquest.ch\/wp-content\/uploads\/2014\/07\/IMG_0669.jpg'><img loading=\"lazy\" decoding=\"async\" width=\"150\" height=\"150\" src=\"https:\/\/campquest.ch\/wp-content\/uploads\/2014\/07\/IMG_0669-150x150.jpg\" class=\"attachment-thumbnail size-thumbnail\" alt=\"\" \/><\/a>\r\n\t\t\t<\/dt><\/dl><dl class='gallery-item'>\r\n\t\t\t<dt class='gallery-icon landscape'>\r\n\t\t\t\t<a href='https:\/\/campquest.ch\/wp-content\/uploads\/2014\/07\/IMG_1152.jpg'><img loading=\"lazy\" decoding=\"async\" width=\"150\" height=\"150\" src=\"https:\/\/campquest.ch\/wp-content\/uploads\/2014\/07\/IMG_1152-150x150.jpg\" class=\"attachment-thumbnail size-thumbnail\" alt=\"\" \/><\/a>\r\n\t\t\t<\/dt><\/dl><dl class='gallery-item'>\r\n\t\t\t<dt class='gallery-icon landscape'>\r\n\t\t\t\t<a href='https:\/\/campquest.ch\/wp-content\/uploads\/2014\/07\/IMG_0990.jpg'><img loading=\"lazy\" decoding=\"async\" width=\"150\" height=\"150\" src=\"https:\/\/campquest.ch\/wp-content\/uploads\/2014\/07\/IMG_0990-150x150.jpg\" class=\"attachment-thumbnail size-thumbnail\" alt=\"\" \/><\/a>\r\n\t\t\t<\/dt><\/dl><dl class='gallery-item'>\r\n\t\t\t<dt class='gallery-icon landscape'>\r\n\t\t\t\t<a href='https:\/\/campquest.ch\/wp-content\/uploads\/2014\/07\/IMG_0881.jpg'><img loading=\"lazy\" decoding=\"async\" width=\"150\" height=\"150\" src=\"https:\/\/campquest.ch\/wp-content\/uploads\/2014\/07\/IMG_0881-150x150.jpg\" class=\"attachment-thumbnail size-thumbnail\" alt=\"\" \/><\/a>\r\n\t\t\t<\/dt><\/dl><br style=\"clear: both\" \/><\/div>\n\n<p><strong>Bericht zu unserem Tag der offenen T\u00fcr <\/strong><\/p>\n<ul>\n<li>beim Onlineportal des Walliser Boten, 1815.ch <a href=\"http:\/\/www.1815.ch\/wallis\/aktuell\/einfach-unglaublich-149768.html\">http:\/\/www.1815.ch\/wallis\/aktuell\/einfach-unglaublich-149768.html<\/a><\/li>\n<li>bei rro \u2013 Radio Rottu Oberwallis: <a href=\"http:\/\/www.rro.ch\/mobile14\/newsdetail\/?state=limit%2Ccat&amp;id=72633&amp;nxt=72630&amp;pre=72631&amp;cnt=3&amp;cell=view-4\">http:\/\/www.rro.ch\/mobile14\/newsdetail\/?state=limit%2Ccat&amp;id=72633&amp;nxt=72630&amp;pre=72631&amp;cnt=3&amp;cell=view-4<\/a><\/li>\n<\/ul>\n<p><strong>Neugierde auf die Wissenschaft wecken<\/strong><br \/>\nUnser Rahmenprogramm war gef\u00fcllt mit Workshops in denen die Kids mit mathematischen Mustern arbeiteten, Physikexperimente durchf\u00fchrten, Sinnest\u00e4uschungen erfuhren, Improvisationstheater gestalteten, das Prinzip der Verd\u00fcnnung, also der sogenannten &#8220;Potenzierung&#8221; in der Hom\u00f6opathie nachempfinden sowie kritisch hinterfragen konnten und echte Organe zu erkunden bekamen. Die Neugierde der Kids war schier unstillbar!<\/p>\n<p><strong>Kritisches Denken f\u00f6rdern<\/strong><br \/>\nTraditionell wird w\u00e4hrend der Camp Quests in den USA und in GB auch ein Einhornwettbewerb durchgef\u00fchrt. Es ist die Aufgabe der Kids, zu beweisen, dass die Gruppe nicht von unsichtbaren Einh\u00f6rner begleitet wird, welche mit unseren Sinnen nicht erfasst werden k\u00f6nnen. Den Preis daf\u00fcr, diese negative Existenz-Aussage zu widerlegen, hat auch bei uns niemand gewonnen, was durchaus in der Tradition dieses Wettbewerbes liegt; schliesslich scheitern selbst gestandene Retoriker und Philosophen immer noch t\u00e4glich an dieser Herausforderung!<\/p>\n<p><strong>Leitthema \u201eErn\u00e4hrung und Gesundheit\u201c<\/strong><br \/>\nWir haben uns bem\u00fcht, die Kinder sanft an eine gesunde Ern\u00e4hrungsweise heranzuf\u00fchren: es gab viel frisches Gem\u00fcse und Obst, wenig Fleisch, regelm\u00e4ssige Zwischenmahlzeiten und Milchprodukte aus der Region. Die positiven R\u00fcckmeldungen an die K\u00fcche haben unter Beweis gestellt, dass uns das gelungen ist. Beim Workshop \u201eIns Herz geschnitten\u201c erhielten die Kids die Gelegenheit, Antworten auf alle ihre Fragen zum Thema Gesundheit zu bekommen. Nicht nur die Ausfl\u00fcge boten die M\u00f6glichkeit, sich k\u00f6rperlich zu bet\u00e4tigen sondern die unmittelbare, steile und kluftige Umgebung unseres Gruppenhauses selbst wirkte auf die Kids sehr belebend.<\/p>\n<p><strong>Unvergessliche Erlebnisse<\/strong><br \/>\nSpazierg\u00e4nge durch einen verbrannten Waldteil, das \u00dcberqueren der Butahn-Br\u00fccke im Pfynwald, der Besuch des Erscher Sortengarten und das Erforschen der unmittelbaren Umgebung in Jeizinen er\u00f6ffnete allen Beteiligten viel Wissenswertes \u00fcber Fauna und Flora der Region. Beim Geister &#8211; bzw. Bozengeschichtenabend im sogenannten Z\u00e4lg, dem hautnahen Erleben des Weges vom Korn zum Brot und dem K\u00e4sen nach alter Art in Erschmatt schwang auch ein Hauch Walliser Folklore mit. Der erste August als Lagerabschlussfeier begingen wir in einer Walliser Alpe bei einem Raclette bei einem fulminanten Feuerwerk.<\/p>\n<p><strong>Der Standort im Wallis<\/strong><br \/>\nJeizinen ist eine kleine Feriensiedlung in den Walliser Bergen. Auf ihrer H\u00f6he erstreckt sich ein veritables Panorama \u00fcber das gesamte Ober- und Mittelwallis. Die Siedlung selbst ist f\u00fcr Autos nicht bis vors Haus befahrbar, statt dessen f\u00fchren alte steinige G\u00e4sschen noch wie anno dazumal durch das beschauliche Feriend\u00f6rfchen. Eine Seilbahn stellt die direkteste Verbindung zum Tal her und verbindet Jeizinen mit Gampel. Das Burgerhaus ist ein urchiges Gruppenhaus, dass f\u00fcr unsere Platzbed\u00fcrfnisse wie zugeschnitten war. Der felsige Grund und die vielf\u00e4ltige und reichhaltige Vegetation bildeten eine malerische Einheit, und boten unz\u00e4hlige Erkundungsm\u00f6glichkeiten, die von den Kids in jeder freien Minute genutzt wurden.<\/p>\n<p><strong>Gedanken zum Schluss<\/strong><br \/>\nDen besten Job haben in dieser Woche zweifelsohne die Kids gemacht. Das ganze Camp Quest Team ist sich ausnahmslos darin einig, dass diese 11 viel gesunde Neugier, Auffaussungsgabe und Hilfsbereitschaft bewiesen haben. Es war von Anfang an ein Flow unter den Kindern und Jugendlichen, vor dem die Betreuer und Betreuerinnen nur den Hut ziehen konnten. Es gab weder Sprach- noch Altersabgrenzungen und wirklich alle haben bei allem, was sie gemacht haben, ihr Bestes gegeben. Und das war wahrlich nicht immer ein Zuckerschlecken, denn das Burgerhaus in Jeizinen hat keine Geschirrsp\u00fclmaschine.<\/p>\n<p>Ich denke an das aufgeregte Kreischen beim Eintreffen, die stolzen Gesichter wenn die Kids das noch warme Roggenbrot mit ins Gruppenhaus bringen, oder an die gespannten und verbl\u00fcfften Blicke bei den Workshops. Unvergesslich bleiben mir auch die funkelnden Augen beim Erstaugustfeuerwerk in der Bachalpe! Ich w\u00fcnsche den Kids auf diesem Weg alles Gute und hoffe, dass sie auch beim n\u00e4chsten Camp Quest wieder dabei sind!<\/p>\n<p>Wir konnten auf die Erkenntnisse des ersten Camp Quests von den Leitern Valentin und Andreas z\u00e4hlen, den Fleiss, die Erfahrung und die unbedingte Hilfsbereitschaft von K\u00fcchenchefin Regiola, den Betreuerinnen Dorothee, Carol und Monic sowie Organisatorin Melanie, die Zuverl\u00e4ssigkeit der Fahrer Andr\u00e9 Hartmann und Louis Oggier, das Fachwissen der Wanderleiterinnen Susanne Steiner und Rafaela Bregy-Tscherrig, dem K\u00e4ser Heribert Br\u00fcgger, Architekturpionier Herbert L\u00f6tscher und Wanderf\u00fchrer Anselmo Loretan, die freundliche Kooperation von Lagerhausverwalterin Sonja Hildbrand und die Gastfreundschaft von Andr\u00e9 und Marina Hartmann. Auch die Coop-Filiale Steg kam uns sehr entgegen indem sie unsere Lebensmittel direkt per Seilbahn-Lieferung organisierte. Der Lokalradiosender RRO gab ein authentisches Bild vom Lager wieder und es war sehr erfreulich, dass ein Radiobeitrag dar\u00fcber gemacht wurde. Ich bedanke mich bei allen Beteiligten, die in irgendeiner Form mit ihrer Unterst\u00fctzung dazu beigetragen haben, dass das Camp Quest 2014 in Jeizinen durchgef\u00fchrt werden konnte!<\/p>\n<p><strong>Statements aus dem Team:<\/strong><\/p>\n<p><em>Valentin Abgottspon:<\/em> \u00abDie Woche hat mir sehr viel Spass bereitet. Die R\u00fcckmeldungen der Kinder und Jugendlichen waren toll! Es freut mich, dass die FreidenkerInnen mit dem Camp Quest im Wallis durchweg positiv in Erscheinung treten konnten. Freidenken bedeutet \u2013 zumindest f\u00fcr mich \u2013 halt nicht nur Kirchenkritik und politische Arbeit. F\u00fcr das Bild, welches ich von der FVS haben m\u00f6chte, sind positive Anl\u00e4sse wie das Camp Quest oder das Denkfest sehr wertvoll. Wir durften bei sehr interessierten jungen Menschen Neugierde wecken und sie teils zum Staunen bringen. Ich h\u00e4tte in diesem Alter auch ganz gerne an einem Camp Quest teilgenommen und hoffe, dass sich das Camp Quest Schweiz weiterhin erfolgreich weiterentwickeln wird. Bei allen Leuten aus dem Lagerteam bedanke ich mich von ganzem Hirn und Herzen. Ohne diesen grandiosen, unentgeldlichen Einsatz von euch w\u00e4re das Camp Quest im Wallis nicht m\u00f6glich gewesen!\u00bb<\/p>\n<p><em>Melanie Hartmann, ausf\u00fchrende Organisatorin:<\/em> Es war ein hoher Anspruch an das Leiterteam, Kindern und Jugendlichen im Altersspektrum von 5-15 Jahren etwas zu bieten, dass sie gleichermassen ansprechen w\u00fcrde. Und es war auch ein heres Ziel, ihnen gesunde Ern\u00e4hrung sowohl kulinarisch als auch wissenschaftlich nahe zu bringen, dabei die Unterhaltung nicht kurz kommen zu lassen, Freir\u00e4ume bzw. R\u00fcckzugsm\u00f6glichkeiten zu schaffen, k\u00f6rperliche und mentale Herausforderung zu bieten und all diese Bed\u00fcrfnisse noch im richtigen Verh\u00e4ltnis zueinander f\u00fcr jedes Kind zu bringen: mit Erleichterung durfte das Team erkennen, dass es die Kinder und Jugendlichen selbst sind, die dieses Verh\u00e4ltnis von sich aus herstellten.<\/p>\n<p style=\"margin: 12px auto 6px auto; font-family: Helvetica,Arial,Sans-serif; font-style: normal; font-variant: normal; font-weight: normal; font-size: 14px; line-height: normal; font-size-adjust: none; font-stretch: normal; -x-system-font: none; display: block;\"><a style=\"text-decoration: underline;\" title=\"View Camp Quest Flyer on Scribd\" href=\"http:\/\/de.scribd.com\/doc\/226796771\/Camp-Quest-Flyer\">Camp Quest Flyer<\/a> by <a style=\"text-decoration: underline;\" title=\"View Freidenker Wallis\/Libre Penseurs Valais's profile on Scribd\" href=\"http:\/\/www.scribd.com\/freidenkerwallis\">Freidenker Wallis\/Libre Penseurs Valais<\/a><\/p>\n<p><iframe loading=\"lazy\" id=\"doc_33510\" class=\"scribd_iframe_embed\" src=\"\/\/www.scribd.com\/embeds\/226796771\/content?start_page=1&amp;view_mode=scroll&amp;access_key=key-8mNhFKwQzcXgPWcr8pN9&amp;show_recommendations=true\" width=\"100%\" height=\"600\" frameborder=\"0\" scrolling=\"no\" data-auto-height=\"false\" data-aspect-ratio=\"0.7068965517241379\"><\/iframe><\/p>\n<p style=\"margin: 12px auto 6px auto; font-family: Helvetica,Arial,Sans-serif; font-style: normal; font-variant: normal; font-weight: normal; font-size: 14px; line-height: normal; font-size-adjust: none; font-stretch: normal; -x-system-font: none; display: block;\"><a style=\"text-decoration: underline;\" title=\"View Brosch\u00fcre_CampQuest2014 on Scribd\" href=\"http:\/\/de.scribd.com\/doc\/234007535\/Broschure-CampQuest2014\">Brosch\u00fcre_CampQuest2014<\/a> by <a style=\"text-decoration: underline;\" title=\"View Freidenker Wallis\/Libre Penseurs Valais's profile on Scribd\" href=\"http:\/\/www.scribd.com\/freidenkerwallis\">Freidenker Wallis\/Libre Penseurs Valais<\/a><\/p>\n<p><iframe loading=\"lazy\" id=\"doc_85352\" class=\"scribd_iframe_embed\" src=\"\/\/www.scribd.com\/embeds\/234007535\/content?start_page=1&amp;view_mode=scroll&amp;access_key=key-1K0kI2NSNyInbPpK0NRn&amp;show_recommendations=true\" width=\"100%\" height=\"600\" frameborder=\"0\" scrolling=\"no\" data-auto-height=\"false\" data-aspect-ratio=\"0.7068965517241379\"><\/iframe><\/p>\n<p style=\"margin: 12px auto 6px auto; font-family: Helvetica,Arial,Sans-serif; font-style: normal; font-variant: normal; font-weight: normal; font-size: 14px; line-height: normal; font-size-adjust: none; font-stretch: normal; -x-system-font: none; display: block;\"><a style=\"text-decoration: underline;\" title=\"View CampQuest_ProgrammHighlights on Scribd\" href=\"http:\/\/de.scribd.com\/doc\/226796740\/CampQuest-ProgrammHighlights\">CampQuest_ProgrammHighlights<\/a> by <a style=\"text-decoration: underline;\" title=\"View Freidenker Wallis\/Libre Penseurs Valais's profile on Scribd\" href=\"http:\/\/www.scribd.com\/freidenkerwallis\">Freidenker Wallis\/Libre Penseurs Valais<\/a><\/p>\n<p><iframe loading=\"lazy\" id=\"doc_73127\" class=\"scribd_iframe_embed\" src=\"\/\/www.scribd.com\/embeds\/226796740\/content?start_page=1&amp;view_mode=scroll&amp;access_key=key-gE43IKs51lQQdwZbiNNG&amp;show_recommendations=true\" width=\"100%\" height=\"600\" frameborder=\"0\" scrolling=\"no\" data-auto-height=\"false\" data-aspect-ratio=\"0.7068965517241379\"><\/iframe><\/p>\n<p>&nbsp;<\/p>\n<p  style=\" margin: 12px auto 6px auto; font-family: Helvetica,Arial,Sans-serif; font-style: normal; font-variant: normal; font-weight: normal; font-size: 14px; line-height: normal; font-size-adjust: none; font-stretch: normal; -x-system-font: none; display: block;\">   <a title=\"View 20140819 WB CampQuest on Scribd\" href=\"http:\/\/www.scribd.com\/doc\/237186485\"  style=\"text-decoration: underline;\" >20140819 WB CampQuest<\/a><\/p>\n<p><iframe loading=\"lazy\" class=\"scribd_iframe_embed\" src=\"\/\/www.scribd.com\/embeds\/237186485\/content?start_page=1&#038;view_mode=scroll&#038;show_recommendations=true\" data-auto-height=\"false\" data-aspect-ratio=\"undefined\" scrolling=\"no\" id=\"doc_14889\" width=\"100%\" height=\"600\" frameborder=\"0\"><\/iframe><\/p>\n","protected":false},"excerpt":{"rendered":"<p>Am Sonntag, dem 27. Juli 2014 hat das Camp Quest Team, bestehend aus Valentin Abgottspon, Andreas Kyriacou, Regiola Brugger, Dorothee Schmid, Monic Diakit\u00e9-Heinen Carol Hamer und Melanie Hartmann das sogenannte Burgerhaus in Jeizinen in Beschlag genommen um dort eine Woche lang mit 11 Kindern und Jugendlichen im Alter von 5-15 [&hellip;]<\/p>\n","protected":false},"author":2,"featured_media":0,"parent":10,"menu_order":0,"comment_status":"closed","ping_status":"closed","template":"","meta":{"footnotes":""},"class_list":["post-1074","page","type-page","status-publish","hentry"],"_links":{"self":[{"href":"https:\/\/campquest.ch\/en\/wp-json\/wp\/v2\/pages\/1074","targetHints":{"allow":["GET"]}}],"collection":[{"href":"https:\/\/campquest.ch\/en\/wp-json\/wp\/v2\/pages"}],"about":[{"href":"https:\/\/campquest.ch\/en\/wp-json\/wp\/v2\/types\/page"}],"author":[{"embeddable":true,"href":"https:\/\/campquest.ch\/en\/wp-json\/wp\/v2\/users\/2"}],"replies":[{"embeddable":true,"href":"https:\/\/campquest.ch\/en\/wp-json\/wp\/v2\/comments?post=1074"}],"version-history":[{"count":8,"href":"https:\/\/campquest.ch\/en\/wp-json\/wp\/v2\/pages\/1074\/revisions"}],"predecessor-version":[{"id":1114,"href":"https:\/\/campquest.ch\/en\/wp-json\/wp\/v2\/pages\/1074\/revisions\/1114"}],"up":[{"embeddable":true,"href":"https:\/\/campquest.ch\/en\/wp-json\/wp\/v2\/pages\/10"}],"wp:attachment":[{"href":"https:\/\/campquest.ch\/en\/wp-json\/wp\/v2\/media?parent=1074"}],"curies":[{"name":"wp","href":"https:\/\/api.w.org\/{rel}","templated":true}]}}