{"id":10,"date":"2013-01-22T23:54:20","date_gmt":"2013-01-22T22:54:20","guid":{"rendered":"http:\/\/christian-grothe.de\/freidenker\/?page_id=2"},"modified":"2023-02-21T15:15:16","modified_gmt":"2023-02-21T14:15:16","slug":"campquest2015","status":"publish","type":"page","link":"https:\/\/campquest.ch\/en\/campquest2015\/","title":{"rendered":"Camp Quest 2015"},"content":{"rendered":"<p><strong>Das Camp Quest ist ein Sommerlager f\u00fcr neugierige Kids im Alter von 9 bis 15 Jahren. <\/strong><\/p>\n<p>Das wissenschaftlich-humanistische Camp\u00a0findet in der Schweiz 2015 bereits zum dritten Mal statt. Diesmal geht&#8217;s an den Bodensee.<a href=\"https:\/\/campquest.ch\/wp-content\/uploads\/2013\/01\/CQ-15-Karte1.jpg\"><img loading=\"lazy\" decoding=\"async\" class=\"alignnone wp-image-1143 size-full\" src=\"https:\/\/campquest.ch\/wp-content\/uploads\/2013\/01\/CQ-15-Karte1.jpg\" alt=\"\" width=\"1001\" height=\"898\" srcset=\"https:\/\/campquest.ch\/wp-content\/uploads\/2013\/01\/CQ-15-Karte1.jpg 1001w, https:\/\/campquest.ch\/wp-content\/uploads\/2013\/01\/CQ-15-Karte1-300x269.jpg 300w, https:\/\/campquest.ch\/wp-content\/uploads\/2013\/01\/CQ-15-Karte1-334x300.jpg 334w\" sizes=\"auto, (max-width: 1001px) 100vw, 1001px\" \/><\/a><\/p>\n<p>\u00dcbernachten werden wir im <a title=\"Lagerhaus Castello\" href=\"https:\/\/campquest.ch\/lagerhaus-castello\/\">Castello<\/a>, dem Lagerhaus auf R\u00e4dern in der Gemeinde T\u00e4gerwilen.<\/p>\n<p>Auf dem Programm steht unter anderem ein Besuch der <a href=\"http:\/\/www.avk.ch\/sternwarte\/\" target=\"_blank\" rel=\"noopener\">Sternwarte Kreuzlingen<\/a>. Der Abend wird kurzfristig festgelegt, damit wir sicher freie Sicht auf den Sternenhimmel haben.<\/p>\n<p>An einem Tag machen wir einen Ausflug auf die Nordseite des Bodensees, zum Affenberg Salem und zum Pfahlbaumuseum in Unteruhldingen. In Salem k\u00f6nnen\u00a0die Camp Quest-Teilnehmer in die Rolle eines Verhaltensforschers schl\u00fcpfen und herauszufinden versuchen, wie sich die <a href=\"http:\/\/www.affenberg-salem.de\/tierpark\/affen-berberaffen.html\" target=\"_blank\" rel=\"noopener\">Berberaffen<\/a>\u00a0in der Gruppe oder alleine verhalten, wer bei ihnen die Regeln bestimmt, und wer sich an sie halten muss. Im <a href=\"http:\/\/www.pfahlbauten.de\" target=\"_blank\" rel=\"noopener\">Pfahlbaumuseum<\/a>\u00a0erfahren die Teilnehmenden, wie es sich zur Stein- und Bronzezeit lebte. Und alle d\u00fcrfen sich darin \u00fcben, n\u00fctzliche\u00a0Alltagsgegenst\u00e4nde\u00a0wie damals herzustellen.<\/p>\n<p>Anhand der Eindr\u00fccke\u00a0bei den Berberaffen und der Pfahlbausiedlung werden wir Gemeinsamkeiten und Unterschieden zwischen Menschen und anderen Primatenarten auf die Spur gehen. Dazu gibt&#8217;s diverse Workshops, z. B. experimentieren mit Vakuum, Mathe-R\u00e4tsel und einen kurzen Trickfilm herstellen.<\/p>\n<p>Angereichert wird die Woche mit Ausfl\u00fcgen an den Bodensee und die Rheinlandschaft, Experimenten, Spiel, Sport und Lagerfeuer.<\/p>\n","protected":false},"excerpt":{"rendered":"<p>Das Camp Quest ist ein Sommerlager f\u00fcr neugierige Kids im Alter von 9 bis 15 Jahren. Das wissenschaftlich-humanistische Camp\u00a0findet in der Schweiz 2015 bereits zum dritten Mal statt. Diesmal geht&#8217;s an den Bodensee. \u00dcbernachten werden wir im Castello, dem Lagerhaus auf R\u00e4dern in der Gemeinde T\u00e4gerwilen. Auf dem Programm steht [&hellip;]<\/p>\n","protected":false},"author":2,"featured_media":0,"parent":0,"menu_order":0,"comment_status":"closed","ping_status":"closed","template":"","meta":{"footnotes":""},"class_list":["post-10","page","type-page","status-publish","hentry"],"_links":{"self":[{"href":"https:\/\/campquest.ch\/en\/wp-json\/wp\/v2\/pages\/10","targetHints":{"allow":["GET"]}}],"collection":[{"href":"https:\/\/campquest.ch\/en\/wp-json\/wp\/v2\/pages"}],"about":[{"href":"https:\/\/campquest.ch\/en\/wp-json\/wp\/v2\/types\/page"}],"author":[{"embeddable":true,"href":"https:\/\/campquest.ch\/en\/wp-json\/wp\/v2\/users\/2"}],"replies":[{"embeddable":true,"href":"https:\/\/campquest.ch\/en\/wp-json\/wp\/v2\/comments?post=10"}],"version-history":[{"count":136,"href":"https:\/\/campquest.ch\/en\/wp-json\/wp\/v2\/pages\/10\/revisions"}],"predecessor-version":[{"id":1713,"href":"https:\/\/campquest.ch\/en\/wp-json\/wp\/v2\/pages\/10\/revisions\/1713"}],"wp:attachment":[{"href":"https:\/\/campquest.ch\/en\/wp-json\/wp\/v2\/media?parent=10"}],"curies":[{"name":"wp","href":"https:\/\/api.w.org\/{rel}","templated":true}]}}